{"id":13,"date":"2023-12-02T22:09:08","date_gmt":"2023-12-02T22:09:08","guid":{"rendered":"https:\/\/fortuneslots.org\/?page_id=13"},"modified":"2024-06-21T12:59:17","modified_gmt":"2024-06-21T12:59:17","slug":"download-fortune-slot","status":"publish","type":"page","link":"https:\/\/fortuneslots.org\/bg\/download-fortune-slot\/","title":{"rendered":"\u0418\u0437\u0442\u0435\u0433\u043b\u044f\u043d\u0435 \u043d\u0430 \u0438\u0433\u0440\u0430\u0442\u0430 \u00abFortune\u00bb: \u0412\u0430\u0448\u0435\u0442\u043e \u0440\u044a\u043a\u043e\u0432\u043e\u0434\u0441\u0442\u0432\u043e \u0437\u0430 \u043f\u043b\u0430\u0442\u0444\u043e\u0440\u043c\u0438"},"content":{"rendered":"<h2><strong>\u0418\u0437\u0442\u0435\u0433\u043b\u0435\u0442\u0435 \u0437\u0430 Android<\/strong><\/h2>\n<p>\u041f\u0440\u0435\u0432\u044a\u0440\u043d\u0435\u0442\u0435 \u043c\u043e\u0431\u0438\u043b\u043d\u043e\u0442\u043e \u0441\u0438 \u0443\u0441\u0442\u0440\u043e\u0439\u0441\u0442\u0432\u043e \u0432\u044a\u0432 \u0432\u0445\u043e\u0434 \u043a\u044a\u043c \u0432\u044a\u043b\u043d\u0443\u0432\u0430\u0449\u0438\u044f \u0441\u0432\u044f\u0442 \u043d\u0430 &#8222;Fortune&#8220;! \u0417\u0430 \u0434\u0430 \u0437\u0430\u043f\u043e\u0447\u043d\u0435\u0442\u0435 \u0434\u0430 \u0438\u0433\u0440\u0430\u0435\u0442\u0435 \u043d\u0430 Android, \u0441\u043b\u0435\u0434\u0432\u0430\u0439\u0442\u0435 \u0442\u0435\u0437\u0438 \u043f\u0440\u043e\u0441\u0442\u0438 \u0441\u0442\u044a\u043f\u043a\u0438:<\/p>\n<ol>\n<li>\u041e\u0442\u0432\u043e\u0440\u0435\u0442\u0435 Google Play: \u0414\u043e\u0441\u0442\u044a\u043f\u0435\u0442\u0435 Google Play Store \u043d\u0430 \u0432\u0430\u0448\u0435\u0442\u043e \u0443\u0441\u0442\u0440\u043e\u0439\u0441\u0442\u0432\u043e.<\/li>\n<li>\u0422\u044a\u0440\u0441\u0435\u0442\u0435 &#8222;Fortune&#8220;: \u0412\u044a\u0432\u0435\u0434\u0435\u0442\u0435 &#8222;Fortune&#8220; \u0432 \u043f\u043e\u043b\u0435\u0442\u043e \u0437\u0430 \u0442\u044a\u0440\u0441\u0435\u043d\u0435 \u0438 \u0438\u0437\u0431\u0435\u0440\u0435\u0442\u0435 \u043e\u0444\u0438\u0446\u0438\u0430\u043b\u043d\u043e\u0442\u043e \u043f\u0440\u0438\u043b\u043e\u0436\u0435\u043d\u0438\u0435.<\/li>\n<li>\u0418\u043d\u0441\u0442\u0430\u043b\u0438\u0440\u0430\u0439\u0442\u0435 \u043f\u0440\u0438\u043b\u043e\u0436\u0435\u043d\u0438\u0435\u0442\u043e: \u041d\u0430\u0442\u0438\u0441\u043d\u0435\u0442\u0435 \u0431\u0443\u0442\u043e\u043d\u0430 &#8222;\u0418\u043d\u0441\u0442\u0430\u043b\u0438\u0440\u0430\u043d\u0435&#8220; \u0438 \u043f\u0440\u043e\u0446\u0435\u0441\u044a\u0442 \u043d\u0430 \u0438\u0437\u0442\u0435\u0433\u043b\u044f\u043d\u0435 \u0449\u0435 \u0437\u0430\u043f\u043e\u0447\u043d\u0435 \u0430\u0432\u0442\u043e\u043c\u0430\u0442\u0438\u0447\u043d\u043e.<\/li>\n<li>\u0421\u0442\u0430\u0440\u0442\u0438\u0440\u0430\u0439\u0442\u0435 &#8222;Fortune&#8220;: \u0421\u043b\u0435\u0434 \u043a\u0430\u0442\u043e \u0438\u043d\u0441\u0442\u0430\u043b\u0430\u0446\u0438\u044f\u0442\u0430 \u0437\u0430\u0432\u044a\u0440\u0448\u0438, \u0441\u0442\u0430\u0440\u0442\u0438\u0440\u0430\u0439\u0442\u0435 \u043f\u0440\u0438\u043b\u043e\u0436\u0435\u043d\u0438\u0435\u0442\u043e \u0438 \u0441\u044a\u0437\u0434\u0430\u0439\u0442\u0435 \u0430\u043a\u0430\u0443\u043d\u0442, \u0437\u0430 \u0434\u0430 \u0441\u0435 \u043f\u043e\u0442\u043e\u043f\u0438\u0442\u0435 \u0432 \u0441\u0432\u0435\u0442\u0430 \u043d\u0430 \u0432\u044a\u043b\u043d\u0443\u0432\u0430\u0449\u0438\u0442\u0435 \u0445\u0430\u0437\u0430\u0440\u0442\u043d\u0438 \u043f\u0440\u0438\u043a\u043b\u044e\u0447\u0435\u043d\u0438\u044f.<\/li>\n<\/ol>\n<p>\u0421\u0435\u0433\u0430 \u0438\u043c\u0430\u0442\u0435 &#8222;Fortune&#8220; \u0434\u0438\u0440\u0435\u043a\u0442\u043d\u043e \u043d\u0430 \u0432\u0430\u0448\u0435\u0442\u043e Android \u0443\u0441\u0442\u0440\u043e\u0439\u0441\u0442\u0432\u043e, \u0433\u043e\u0442\u043e\u0432 \u0437\u0430 \u043f\u0440\u0438\u043a\u043b\u044e\u0447\u0435\u043d\u0438\u044f \u0438 \u0433\u043e\u043b\u0435\u043c\u0438 \u043f\u0435\u0447\u0430\u043b\u0431\u0438!<\/p>\n<h2><strong>\u0418\u0437\u0442\u0435\u0433\u043b\u0435\u0442\u0435 \u0437\u0430 iPhone<\/strong><\/h2>\n<p>\u0421\u043e\u0431\u0441\u0442\u0432\u0435\u043d\u0438\u0446\u0438\u0442\u0435 \u043d\u0430 iPhone \u0441\u044a\u0449\u043e \u043c\u043e\u0433\u0430\u0442 \u0434\u0430 \u0441\u0435 \u043d\u0430\u0441\u043b\u0430\u0434\u044f\u0442 \u043d\u0430 \u0432\u0441\u0438\u0447\u043a\u0438 \u043f\u0440\u0435\u0434\u0438\u043c\u0441\u0442\u0432\u0430 \u043d\u0430 &#8222;Fortune&#8220; \u0434\u0438\u0440\u0435\u043a\u0442\u043d\u043e \u043d\u0430 \u0441\u0432\u043e\u0438\u0442\u0435 \u0443\u0441\u0442\u0440\u043e\u0439\u0441\u0442\u0432\u0430. \u0415\u0442\u043e \u043a\u0430\u043a \u0434\u0430 \u0433\u043e \u043d\u0430\u043f\u0440\u0430\u0432\u0438\u0442\u0435:<\/p>\n<ol>\n<li>\u041e\u0442\u0432\u043e\u0440\u0435\u0442\u0435 App Store: \u0414\u043e\u0441\u0442\u044a\u043f\u0435\u0442\u0435 App Store \u043d\u0430 \u0432\u0430\u0448\u0438\u044f iPhone.<\/li>\n<li>\u0422\u044a\u0440\u0441\u0435\u0442\u0435 &#8222;Fortune&#8220;: \u0412\u044a\u0432\u0435\u0434\u0435\u0442\u0435 &#8222;Fortune&#8220; \u0432 \u043f\u043e\u043b\u0435\u0442\u043e \u0437\u0430 \u0442\u044a\u0440\u0441\u0435\u043d\u0435 \u0438 \u0438\u0437\u0431\u0435\u0440\u0435\u0442\u0435 \u043e\u0444\u0438\u0446\u0438\u0430\u043b\u043d\u043e\u0442\u043e \u043f\u0440\u0438\u043b\u043e\u0436\u0435\u043d\u0438\u0435.<\/li>\n<li>\u0418\u043d\u0441\u0442\u0430\u043b\u0438\u0440\u0430\u0439\u0442\u0435 \u043f\u0440\u0438\u043b\u043e\u0436\u0435\u043d\u0438\u0435\u0442\u043e: \u041d\u0430\u0442\u0438\u0441\u043d\u0435\u0442\u0435 \u0431\u0443\u0442\u043e\u043d\u0430 &#8222;\u0418\u043d\u0441\u0442\u0430\u043b\u0438\u0440\u0430\u043d\u0435&#8220; \u0438 \u043f\u0440\u0438\u043b\u043e\u0436\u0435\u043d\u0438\u0435\u0442\u043e \u0449\u0435 \u0437\u0430\u043f\u043e\u0447\u043d\u0435 \u0434\u0430 \u0441\u0435 \u0438\u0437\u0442\u0435\u0433\u043b\u044f \u043d\u0430 \u0432\u0430\u0448\u0438\u044f iPhone.<\/li>\n<li>\u0421\u0442\u0430\u0440\u0442\u0438\u0440\u0430\u0439\u0442\u0435 &#8222;Fortune&#8220;: \u0421\u043b\u0435\u0434 \u043a\u0430\u0442\u043e \u0438\u043d\u0441\u0442\u0430\u043b\u0430\u0446\u0438\u044f\u0442\u0430 \u0437\u0430\u0432\u044a\u0440\u0448\u0438, \u043e\u0442\u0432\u043e\u0440\u0435\u0442\u0435 \u043f\u0440\u0438\u043b\u043e\u0436\u0435\u043d\u0438\u0435\u0442\u043e, \u0441\u044a\u0437\u0434\u0430\u0439\u0442\u0435 \u0430\u043a\u0430\u0443\u043d\u0442 \u0438 \u0437\u0430\u043f\u043e\u0447\u043d\u0435\u0442\u0435 \u0441\u0432\u043e\u0435\u0442\u043e \u043f\u044a\u0442\u0435\u0448\u0435\u0441\u0442\u0432\u0438\u0435 \u043a\u044a\u043c \u0443\u0441\u043f\u0435\u0445\u0430.<\/li>\n<\/ol>\n<p>\u0421\u0435\u0433\u0430 &#8222;Fortune&#8220; \u0435 \u0432\u0438\u043d\u0430\u0433\u0438 \u0441 \u0432\u0430\u0441, \u043a\u044a\u0434\u0435\u0442\u043e \u0438 \u0434\u0430 \u0441\u0442\u0435, \u0433\u043e\u0442\u043e\u0432 \u0434\u0430 \u0432\u0438 \u0434\u043e\u043d\u0435\u0441\u0435 \u0432\u044a\u043b\u043d\u0443\u0432\u0430\u0449\u0438 \u043c\u043e\u043c\u0435\u043d\u0442\u0438 \u043d\u0430 \u0443\u0434\u043e\u0432\u043e\u043b\u0441\u0442\u0432\u0438\u0435.<\/p>\n<h2><strong>\u0418\u0437\u0442\u0435\u0433\u043b\u0435\u0442\u0435 \u0437\u0430 \u041a\u043e\u043c\u043f\u044e\u0442\u044a\u0440<\/strong><\/h2>\n<p>\u0410\u043a\u043e \u043f\u0440\u0435\u0434\u043f\u043e\u0447\u0438\u0442\u0430\u0442\u0435 \u0434\u0430 \u0438\u0433\u0440\u0430\u0435\u0442\u0435 \u043d\u0430 \u0433\u043e\u043b\u0435\u043c\u0438\u044f \u0435\u043a\u0440\u0430\u043d \u043d\u0430 \u0432\u0430\u0448\u0438\u044f \u043a\u043e\u043c\u043f\u044e\u0442\u044a\u0440, &#8222;Fortune&#8220; \u0435 \u0434\u043e\u0441\u0442\u044a\u043f\u0435\u043d \u0437\u0430 \u0438\u0437\u0442\u0435\u0433\u043b\u044f\u043d\u0435 \u043d\u0430 \u0432\u0430\u0448\u0438\u044f \u043a\u043e\u043c\u043f\u044e\u0442\u044a\u0440. \u0415\u0442\u043e \u043a\u0430\u043a \u0434\u0430 \u0433\u043e \u043d\u0430\u043f\u0440\u0430\u0432\u0438\u0442\u0435:<\/p>\n<ol>\n<li>\u041f\u043e\u0441\u0435\u0442\u0435\u0442\u0435 \u041e\u0444\u0438\u0446\u0438\u0430\u043b\u043d\u0438\u044f \u0423\u0435\u0431\u0441\u0430\u0439\u0442: \u041f\u043e\u0441\u0435\u0442\u0435\u0442\u0435 \u043e\u0444\u0438\u0446\u0438\u0430\u043b\u043d\u0438\u044f \u0443\u0435\u0431\u0441\u0430\u0439\u0442 \u043d\u0430 &#8222;Fortune&#8220; \u0441 \u0432\u0430\u0448\u0438\u044f \u0443\u0435\u0431 \u0431\u0440\u0430\u0443\u0437\u044a\u0440.<\/li>\n<li>\u0418\u0437\u0431\u0435\u0440\u0435\u0442\u0435 \u0421\u0435\u043a\u0446\u0438\u044f\u0442\u0430 \u0437\u0430 \u0418\u0437\u0442\u0435\u0433\u043b\u044f\u043d\u0435: \u0412 \u0441\u0435\u043a\u0446\u0438\u044f\u0442\u0430 \u0437\u0430 \u0438\u0437\u0442\u0435\u0433\u043b\u044f\u043d\u0435 \u043d\u0430\u043c\u0435\u0440\u0435\u0442\u0435 \u043f\u043e\u0434\u0445\u043e\u0434\u044f\u0449\u0430\u0442\u0430 \u0432\u0435\u0440\u0441\u0438\u044f \u0437\u0430 \u0432\u0430\u0448\u0438\u044f \u043a\u043e\u043c\u043f\u044e\u0442\u044a\u0440 (Windows \u0438\u043b\u0438 Mac).<\/li>\n<li>\u0418\u0437\u0442\u0435\u0433\u043b\u0435\u0442\u0435 \u041f\u0440\u0438\u043b\u043e\u0436\u0435\u043d\u0438\u0435\u0442\u043e: \u041d\u0430\u0442\u0438\u0441\u043d\u0435\u0442\u0435 \u0431\u0443\u0442\u043e\u043d\u0430 &#8222;\u0418\u0437\u0442\u0435\u0433\u043b\u0438&#8220;, \u0437\u0430 \u0434\u0430 \u0437\u0430\u043f\u043e\u0447\u043d\u0435\u0442\u0435 \u0438\u0437\u0442\u0435\u0433\u043b\u044f\u043d\u0435\u0442\u043e \u043d\u0430 \u043f\u0440\u0438\u043b\u043e\u0436\u0435\u043d\u0438\u0435\u0442\u043e \u043d\u0430 \u0432\u0430\u0448\u0438\u044f \u043a\u043e\u043c\u043f\u044e\u0442\u044a\u0440.<\/li>\n<li>\u0418\u043d\u0441\u0442\u0430\u043b\u0438\u0440\u0430\u0439\u0442\u0435 &#8222;Fortune&#8220;: \u0421\u043b\u0435\u0434 \u043a\u0430\u0442\u043e \u0438\u0437\u0442\u0435\u0433\u043b\u044f\u043d\u0435\u0442\u043e \u0437\u0430\u0432\u044a\u0440\u0448\u0438, \u0441\u0442\u0430\u0440\u0442\u0438\u0440\u0430\u0439\u0442\u0435 \u0438\u043d\u0441\u0442\u0430\u043b\u0430\u0446\u0438\u043e\u043d\u043d\u0438\u044f \u0444\u0430\u0439\u043b \u0438 \u0441\u043b\u0435\u0434\u0432\u0430\u0439\u0442\u0435 \u0438\u043d\u0441\u0442\u0440\u0443\u043a\u0446\u0438\u0438\u0442\u0435 \u043d\u0430 \u0435\u043a\u0440\u0430\u043d\u0430.<\/li>\n<li>\u0421\u0442\u0430\u0440\u0442\u0438\u0440\u0430\u0439\u0442\u0435 \u041f\u0440\u0438\u043b\u043e\u0436\u0435\u043d\u0438\u0435\u0442\u043e: \u0421\u043b\u0435\u0434 \u0438\u043d\u0441\u0442\u0430\u043b\u0430\u0446\u0438\u044f\u0442\u0430 \u043e\u0442\u0432\u043e\u0440\u0435\u0442\u0435 &#8222;Fortune&#8220; \u043d\u0430 \u0432\u0430\u0448\u0438\u044f \u043a\u043e\u043c\u043f\u044e\u0442\u044a\u0440, \u0432\u043b\u0435\u0437\u0442\u0435 \u0432 \u0430\u043a\u0430\u0443\u043d\u0442\u0430 \u0441\u0438 \u0438 \u0441\u0435 \u043d\u0430\u0441\u043b\u0430\u0434\u0435\u0442\u0435 \u043d\u0430 \u0438\u0433\u0440\u0430\u0442\u0430.<\/li>\n<\/ol>\n<p>\u0421\u0435\u0433\u0430 \u0438\u043c\u0430\u0442\u0435 \u043f\u044a\u043b\u0435\u043d \u0434\u043e\u0441\u0442\u044a\u043f \u0434\u043e &#8222;Fortune&#8220; \u043d\u0430 \u0432\u0430\u0448\u0438\u044f \u043a\u043e\u043c\u043f\u044e\u0442\u044a\u0440, \u043a\u044a\u0434\u0435\u0442\u043e \u043c\u043e\u0436\u0435\u0442\u0435 \u0434\u0430 \u0441\u0435 \u043d\u0430\u0441\u043b\u0430\u0434\u0438\u0442\u0435 \u043d\u0430 \u0438\u0433\u0440\u0430\u0442\u0430 \u0432 \u0443\u0434\u043e\u0431\u043d\u0430 \u0441\u0440\u0435\u0434\u0430.<\/p>\n<p>\u041d\u0435\u0437\u0430\u0432\u0438\u0441\u0438\u043c\u043e \u0434\u0430\u043b\u0438 \u0435 Android, iPhone \u0438\u043b\u0438 \u043a\u043e\u043c\u043f\u044e\u0442\u044a\u0440, &#8222;Fortune&#8220; \u0435 \u0433\u043e\u0442\u043e\u0432 \u0434\u0430 \u0432\u0438 \u043f\u0440\u0435\u0434\u043e\u0441\u0442\u0430\u0432\u0438 \u0443\u0434\u043e\u0432\u043e\u043b\u0441\u0442\u0432\u0438\u0435\u0442\u043e \u043e\u0442 \u0445\u0430\u0437\u0430\u0440\u0442\u043d\u0438\u0442\u0435 \u043f\u0440\u0438\u043a\u043b\u044e\u0447\u0435\u043d\u0438\u044f \u043f\u043e \u0432\u0441\u044f\u043a\u043e \u0432\u0440\u0435\u043c\u0435 \u0438 \u043d\u0430\u0432\u0441\u044f\u043a\u044a\u0434\u0435! \u0418\u0437\u0442\u0435\u0433\u043b\u0435\u0442\u0435 \u043f\u0440\u0438\u043b\u043e\u0436\u0435\u043d\u0438\u0435\u0442\u043e \u0441\u0435\u0433\u0430 \u0438 \u0441\u0435 \u043f\u043e\u0442\u043e\u043f\u0435\u0442\u0435 \u0432\u044a\u0432 \u0432\u044a\u043b\u043d\u0443\u0432\u0430\u0449\u0438\u044f \u0441\u0432\u044f\u0442 \u043d\u0430 \u0445\u0430\u0437\u0430\u0440\u0442\u0430.<\/p>\n","protected":false},"excerpt":{"rendered":"<p>\u0418\u0437\u0442\u0435\u0433\u043b\u0435\u0442\u0435 \u0437\u0430 Android \u041f\u0440\u0435\u0432\u044a\u0440\u043d\u0435\u0442\u0435 \u043c\u043e\u0431\u0438\u043b\u043d\u043e\u0442\u043e \u0441\u0438 \u0443\u0441\u0442\u0440\u043e\u0439\u0441\u0442\u0432\u043e \u0432\u044a\u0432 \u0432\u0445\u043e\u0434 \u043a\u044a\u043c \u0432\u044a\u043b\u043d\u0443\u0432\u0430\u0449\u0438\u044f \u0441\u0432\u044f\u0442 \u043d\u0430 &#8222;Fortune&#8220;! \u0417\u0430 \u0434\u0430 \u0437\u0430\u043f\u043e\u0447\u043d\u0435\u0442\u0435 \u0434\u0430 \u0438\u0433\u0440\u0430\u0435\u0442\u0435 \u043d\u0430 Android, \u0441\u043b\u0435\u0434\u0432\u0430\u0439\u0442\u0435 \u0442\u0435\u0437\u0438 \u043f\u0440\u043e\u0441\u0442\u0438 \u0441\u0442\u044a\u043f\u043a\u0438: \u041e\u0442\u0432\u043e\u0440\u0435\u0442\u0435 Google Play: \u0414\u043e\u0441\u0442\u044a\u043f\u0435\u0442\u0435 Google Play Store&#8230;<\/p>\n","protected":false},"author":1,"featured_media":0,"parent":0,"menu_order":0,"comment_status":"closed","ping_status":"closed","template":"","meta":{"footnotes":""},"class_list":["post-13","page","type-page","status-publish","hentry"],"yoast_head":"<!-- This site is optimized with the Yoast SEO plugin v27.2 - https:\/\/yoast.com\/product\/yoast-seo-wordpress\/ -->\n<title>T\u00e9l\u00e9chargez Fortune : Votre chemin vers une exp\u00e9rience de jeu excitante<\/title>\n<meta name=\"description\" content=\"\u0418\u043d\u0441\u0442\u0430\u043b\u0438\u0440\u0430\u0439\u0442\u0435 Fortune \u043d\u0430 Android, iPhone \u0438\u043b\u0438 \u043a\u043e\u043c\u043f\u044e\u0442\u044a\u0440. \u041d\u0430\u0441\u043b\u0430\u0434\u0435\u0442\u0435 \u0441\u0435 \u043d\u0430 \u0432\u044a\u043b\u043d\u0443\u0432\u0430\u0449\u0438\u044f \u0441\u043b\u043e\u0442, \u0431\u043e\u043d\u0443\u0441\u0438\u0442\u0435 \u0438 \u0433\u043e\u043b\u0435\u043c\u0438\u0442\u0435 \u043f\u0435\u0447\u0430\u043b\u0431\u0438. \u041d\u0430\u043b\u0438\u0447\u0435\u043d \u0437\u0430 \u0432\u0441\u0438\u0447\u043a\u0438 \u043f\u043b\u0430\u0442\u0444\u043e\u0440\u043c\u0438!\" \/>\n<meta name=\"robots\" content=\"index, follow, max-snippet:-1, max-image-preview:large, max-video-preview:-1\" \/>\n<link rel=\"canonical\" href=\"https:\/\/fortuneslots.org\/bg\/download-fortune-slot\/\" \/>\n<meta property=\"og:locale\" content=\"bg_BG\" \/>\n<meta property=\"og:locale:alternate\" content=\"ru_RU\" \/>\n<meta property=\"og:locale:alternate\" content=\"en_US\" \/>\n<meta property=\"og:locale:alternate\" content=\"pt_PT\" \/>\n<meta property=\"og:locale:alternate\" content=\"es_ES\" \/>\n<meta property=\"og:locale:alternate\" content=\"fr_FR\" \/>\n<meta property=\"og:locale:alternate\" content=\"de_DE\" \/>\n<meta property=\"og:locale:alternate\" content=\"ro_RO\" \/>\n<meta property=\"og:locale:alternate\" content=\"sr_RS\" \/>\n<meta property=\"og:locale:alternate\" content=\"pl_PL\" \/>\n<meta property=\"og:locale:alternate\" content=\"it_IT\" \/>\n<meta property=\"og:type\" content=\"article\" \/>\n<meta property=\"og:title\" content=\"T\u00e9l\u00e9chargez Fortune : Votre chemin vers une exp\u00e9rience de jeu excitante\" \/>\n<meta property=\"og:description\" content=\"Installez Fortune sur Android, iPhone ou ordinateur. Profitez de la machine \u00e0 sous passionnante, des bonus et des gros gains. Disponible sur toutes les plateformes !\" \/>\n<meta property=\"og:url\" content=\"https:\/\/fortuneslots.org\/bg\/download-fortune-slot\/\" \/>\n<meta property=\"og:site_name\" content=\"Fortune Slots\" \/>\n<meta property=\"article:modified_time\" content=\"2024-06-21T12:59:17+00:00\" \/>\n<meta name=\"twitter:card\" content=\"summary_large_image\" \/>\n<meta name=\"twitter:label1\" content=\"Est. reading time\" \/>\n\t<meta name=\"twitter:data1\" content=\"16 \u043c\u0438\u043d\u0443\u0442\u0438\" \/>\n<script type=\"application\/ld+json\" class=\"yoast-schema-graph\">{\"@context\":\"https:\/\/schema.org\",\"@graph\":[{\"@type\":\"WebPage\",\"@id\":\"https:\/\/fortuneslots.org\/fr\/download-fortune-slot\/\",\"url\":\"https:\/\/fortuneslots.org\/fr\/download-fortune-slot\/\",\"name\":\"T\u00e9l\u00e9chargez Fortune : Votre chemin vers une exp\u00e9rience de jeu excitante\",\"isPartOf\":{\"@id\":\"https:\/\/fortuneslots.org\/#website\"},\"datePublished\":\"2023-12-02T22:09:08+00:00\",\"dateModified\":\"2024-06-21T12:59:17+00:00\",\"description\":\"Installez Fortune sur Android, iPhone ou ordinateur. Profitez de la machine \u00e0 sous passionnante, des bonus et des gros gains. Disponible sur toutes les plateformes !\",\"breadcrumb\":{\"@id\":\"https:\/\/fortuneslots.org\/fr\/download-fortune-slot\/#breadcrumb\"},\"inLanguage\":\"bg-BG\",\"potentialAction\":[{\"@type\":\"ReadAction\",\"target\":[\"https:\/\/fortuneslots.org\/fr\/download-fortune-slot\/\"]}]},{\"@type\":\"BreadcrumbList\",\"@id\":\"https:\/\/fortuneslots.org\/fr\/download-fortune-slot\/#breadcrumb\",\"itemListElement\":[{\"@type\":\"ListItem\",\"position\":1,\"name\":\"Home\",\"item\":\"https:\/\/fortuneslots.org\/\"},{\"@type\":\"ListItem\",\"position\":2,\"name\":\"T\u00e9l\u00e9chargement du jeu \u00abFortune\u00bb : Votre guide des plateformes\"}]},{\"@type\":\"WebSite\",\"@id\":\"https:\/\/fortuneslots.org\/#website\",\"url\":\"https:\/\/fortuneslots.org\/\",\"name\":\"Fortune Slots\",\"description\":\"\",\"potentialAction\":[{\"@type\":\"SearchAction\",\"target\":{\"@type\":\"EntryPoint\",\"urlTemplate\":\"https:\/\/fortuneslots.org\/?s={search_term_string}\"},\"query-input\":{\"@type\":\"PropertyValueSpecification\",\"valueRequired\":true,\"valueName\":\"search_term_string\"}}],\"inLanguage\":\"bg-BG\"}]}<\/script>\n<!-- \/ Yoast SEO plugin. -->","yoast_head_json":{"title":"T\u00e9l\u00e9chargez Fortune : Votre chemin vers une exp\u00e9rience de jeu excitante","description":"\u0418\u043d\u0441\u0442\u0430\u043b\u0438\u0440\u0430\u0439\u0442\u0435 Fortune \u043d\u0430 Android, iPhone \u0438\u043b\u0438 \u043a\u043e\u043c\u043f\u044e\u0442\u044a\u0440. \u041d\u0430\u0441\u043b\u0430\u0434\u0435\u0442\u0435 \u0441\u0435 \u043d\u0430 \u0432\u044a\u043b\u043d\u0443\u0432\u0430\u0449\u0438\u044f \u0441\u043b\u043e\u0442, \u0431\u043e\u043d\u0443\u0441\u0438\u0442\u0435 \u0438 \u0433\u043e\u043b\u0435\u043c\u0438\u0442\u0435 \u043f\u0435\u0447\u0430\u043b\u0431\u0438. \u041d\u0430\u043b\u0438\u0447\u0435\u043d \u0437\u0430 \u0432\u0441\u0438\u0447\u043a\u0438 \u043f\u043b\u0430\u0442\u0444\u043e\u0440\u043c\u0438!","robots":{"index":"index","follow":"follow","max-snippet":"max-snippet:-1","max-image-preview":"max-image-preview:large","max-video-preview":"max-video-preview:-1"},"canonical":"https:\/\/fortuneslots.org\/bg\/download-fortune-slot\/","og_locale":"bg_BG","og_type":"article","og_title":"T\u00e9l\u00e9chargez Fortune : Votre chemin vers une exp\u00e9rience de jeu excitante","og_description":"Installez Fortune sur Android, iPhone ou ordinateur. Profitez de la machine \u00e0 sous passionnante, des bonus et des gros gains. Disponible sur toutes les plateformes !","og_url":"https:\/\/fortuneslots.org\/bg\/download-fortune-slot\/","og_site_name":"Fortune Slots","article_modified_time":"2024-06-21T12:59:17+00:00","twitter_card":"summary_large_image","twitter_misc":{"Est. reading time":"16 \u043c\u0438\u043d\u0443\u0442\u0438"},"schema":{"@context":"https:\/\/schema.org","@graph":[{"@type":"WebPage","@id":"https:\/\/fortuneslots.org\/fr\/download-fortune-slot\/","url":"https:\/\/fortuneslots.org\/fr\/download-fortune-slot\/","name":"T\u00e9l\u00e9chargez Fortune : Votre chemin vers une exp\u00e9rience de jeu excitante","isPartOf":{"@id":"https:\/\/fortuneslots.org\/#website"},"datePublished":"2023-12-02T22:09:08+00:00","dateModified":"2024-06-21T12:59:17+00:00","description":"Installez Fortune sur Android, iPhone ou ordinateur. Profitez de la machine \u00e0 sous passionnante, des bonus et des gros gains. Disponible sur toutes les plateformes !","breadcrumb":{"@id":"https:\/\/fortuneslots.org\/fr\/download-fortune-slot\/#breadcrumb"},"inLanguage":"bg-BG","potentialAction":[{"@type":"ReadAction","target":["https:\/\/fortuneslots.org\/fr\/download-fortune-slot\/"]}]},{"@type":"BreadcrumbList","@id":"https:\/\/fortuneslots.org\/fr\/download-fortune-slot\/#breadcrumb","itemListElement":[{"@type":"ListItem","position":1,"name":"Home","item":"https:\/\/fortuneslots.org\/"},{"@type":"ListItem","position":2,"name":"T\u00e9l\u00e9chargement du jeu \u00abFortune\u00bb : Votre guide des plateformes"}]},{"@type":"WebSite","@id":"https:\/\/fortuneslots.org\/#website","url":"https:\/\/fortuneslots.org\/","name":"Fortune Slots","description":"","potentialAction":[{"@type":"SearchAction","target":{"@type":"EntryPoint","urlTemplate":"https:\/\/fortuneslots.org\/?s={search_term_string}"},"query-input":{"@type":"PropertyValueSpecification","valueRequired":true,"valueName":"search_term_string"}}],"inLanguage":"bg-BG"}]}},"_links":{"self":[{"href":"https:\/\/fortuneslots.org\/bg\/wp-json\/wp\/v2\/pages\/13","targetHints":{"allow":["GET"]}}],"collection":[{"href":"https:\/\/fortuneslots.org\/bg\/wp-json\/wp\/v2\/pages"}],"about":[{"href":"https:\/\/fortuneslots.org\/bg\/wp-json\/wp\/v2\/types\/page"}],"author":[{"embeddable":true,"href":"https:\/\/fortuneslots.org\/bg\/wp-json\/wp\/v2\/users\/1"}],"replies":[{"embeddable":true,"href":"https:\/\/fortuneslots.org\/bg\/wp-json\/wp\/v2\/comments?post=13"}],"version-history":[{"count":22,"href":"https:\/\/fortuneslots.org\/bg\/wp-json\/wp\/v2\/pages\/13\/revisions"}],"predecessor-version":[{"id":154,"href":"https:\/\/fortuneslots.org\/bg\/wp-json\/wp\/v2\/pages\/13\/revisions\/154"}],"wp:attachment":[{"href":"https:\/\/fortuneslots.org\/bg\/wp-json\/wp\/v2\/media?parent=13"}],"curies":[{"name":"wp","href":"https:\/\/api.w.org\/{rel}","templated":true}]}}