{"id":17,"date":"2023-12-02T22:10:24","date_gmt":"2023-12-02T22:10:24","guid":{"rendered":"https:\/\/fortuneslots.org\/?page_id=17"},"modified":"2024-06-22T19:41:29","modified_gmt":"2024-06-22T19:41:29","slug":"about-us","status":"publish","type":"page","link":"https:\/\/fortuneslots.org\/de\/about-us\/","title":{"rendered":"\u00dcber uns"},"content":{"rendered":"<p>Willkommen auf der Seite &#8222;\u00dcber uns&#8220; \u2013 der Ort, an dem Sie mehr \u00fcber unsere Leidenschaft f\u00fcr Gl\u00fccksspielunterhaltung erfahren und wie wir Ihr Spielerlebnis in &#8222;Fortune&#8220; unvergesslich machen.<\/p>\n<p><strong>Unsere Mission:<\/strong> Wir haben diese Ressource geschaffen, um unsere Begeisterung f\u00fcr das Spielen von &#8222;Fortune&#8220; mit Ihnen zu teilen. Unser Ziel ist es, Ihnen n\u00fctzliche Informationen bereitzustellen, Sie in die fesselnde Welt dieses Slots zu entf\u00fchren und Ihr Spielerlebnis noch angenehmer zu gestalten.<\/p>\n<p><strong>Was wir tun:<\/strong> Wir m\u00f6chten Ihr verl\u00e4sslicher Wegweiser in der Welt von &#8222;Fortune&#8220; sein. Wir bieten Bewertungen, Strategien, Spieltipps und die neuesten Nachrichten \u00fcber diesen aufregenden Slot. Unsere Artikel sind darauf ausgelegt, Ihre Einf\u00fchrung in &#8222;Fortune&#8220; nicht nur spannend, sondern auch erfolgreich zu machen.<\/p>\n<p><strong>Warum &#8222;Fortune&#8220;?<\/strong> &#8222;Fortune&#8220; ist nicht nur ein Slot; es ist eine ganze Welt voller M\u00f6glichkeiten und aufregender Momente. Wir glauben, dass jeder Spieler qualitativ hochwertige Informationen \u00fcber sein Lieblingsspiel verdient, weshalb wir &#8222;Fortune&#8220; besondere Aufmerksamkeit widmen.<\/p>\n<p><strong>Unser Ansatz:<\/strong> Wir glauben, dass zwei Aspekte in der Gl\u00fccksspielunterhaltung wichtig sind: Vergn\u00fcgen und Verantwortung. Daher umfasst unser Ansatz zur Bereitstellung von Informationen die Unterst\u00fctzung einer sicheren und angenehmen Spielumgebung. Wir f\u00f6rdern verantwortungsbewusstes Gl\u00fccksspielverhalten und bieten Ressourcen f\u00fcr Spieler, die mit Spielsuchtproblemen konfrontiert sind.<\/p>\n<p><strong>Wer wir sind:<\/strong> Wir sind ein Team von Gl\u00fccksspiel-Enthusiasten, die eine Leidenschaft f\u00fcr &#8222;Fortune&#8220; teilen. Unsere Erfahrung und Begeisterung f\u00fcr dieses Spiel erm\u00f6glichen es uns, Ihnen die relevantesten und interessantesten Informationen zu bieten.<\/p>\n<p><strong>Kontaktieren Sie uns:<\/strong> Wenn Sie Fragen, Anregungen haben oder einfach nur Ihre Erfahrungen mit &#8222;Fortune&#8220; teilen m\u00f6chten, z\u00f6gern Sie nicht, uns zu kontaktieren. Wir sind bereit, mit Ihnen zu kommunizieren und die Aufregung zu teilen.<\/p>\n<p>Vielen Dank, dass Sie uns als Ihren Partner in der Welt von &#8222;Fortune&#8220; gew\u00e4hlt haben. Spielen Sie mit Vergn\u00fcgen, und m\u00f6ge das Gl\u00fcck immer auf Ihrer Seite sein!<\/p>\n","protected":false},"excerpt":{"rendered":"<p>Willkommen auf der Seite &#8222;\u00dcber uns&#8220; \u2013 der Ort, an dem Sie mehr \u00fcber unsere Leidenschaft f\u00fcr Gl\u00fccksspielunterhaltung erfahren und wie wir Ihr Spielerlebnis in &#8222;Fortune&#8220; unvergesslich machen. Unsere Mission: Wir haben&#8230;<\/p>\n","protected":false},"author":1,"featured_media":0,"parent":0,"menu_order":0,"comment_status":"closed","ping_status":"closed","template":"","meta":{"footnotes":""},"class_list":["post-17","page","type-page","status-publish","hentry"],"yoast_head":"<!-- This site is optimized with the Yoast SEO plugin v27.2 - https:\/\/yoast.com\/product\/yoast-seo-wordpress\/ -->\n<title>\u041e \u043d\u0430\u0441: \u043f\u0443\u0442\u0435\u0432\u043e\u0434\u0438\u0442\u0435\u043b\u044c \u0432 \u043c\u0438\u0440\u0435 \u0430\u0437\u0430\u0440\u0442\u043d\u044b\u0445 \u0440\u0430\u0437\u0432\u043b\u0435\u0447\u0435\u043d\u0438\u0439 \u0438 \u0438\u0433\u0440\u044b Fortune<\/title>\n<meta name=\"description\" content=\"Erfahren Sie mehr \u00fcber unsere Leidenschaft f\u00fcr Gl\u00fccksspielunterhaltung, unterst\u00fctzen Sie das Spiel Fortune. Bleiben Sie auf dem neuesten Stand mit den neuesten Nachrichten und Strategien. Viel Spa\u00df und spielen Sie verantwortungsbewusst!\" \/>\n<meta name=\"robots\" content=\"index, follow, max-snippet:-1, max-image-preview:large, max-video-preview:-1\" \/>\n<link rel=\"canonical\" href=\"https:\/\/fortuneslots.org\/de\/about-us\/\" \/>\n<meta property=\"og:locale\" content=\"de_DE\" \/>\n<meta property=\"og:locale:alternate\" content=\"ru_RU\" \/>\n<meta property=\"og:locale:alternate\" content=\"en_US\" \/>\n<meta property=\"og:locale:alternate\" content=\"pt_PT\" \/>\n<meta property=\"og:locale:alternate\" content=\"es_ES\" \/>\n<meta property=\"og:locale:alternate\" content=\"fr_FR\" \/>\n<meta property=\"og:locale:alternate\" content=\"ro_RO\" \/>\n<meta property=\"og:locale:alternate\" content=\"sr_RS\" \/>\n<meta property=\"og:locale:alternate\" content=\"bg_BG\" \/>\n<meta property=\"og:locale:alternate\" content=\"pl_PL\" \/>\n<meta property=\"og:locale:alternate\" content=\"it_IT\" \/>\n<meta property=\"og:type\" content=\"article\" \/>\n<meta property=\"og:title\" content=\"\u041e \u043d\u0430\u0441: \u043f\u0443\u0442\u0435\u0432\u043e\u0434\u0438\u0442\u0435\u043b\u044c \u0432 \u043c\u0438\u0440\u0435 \u0430\u0437\u0430\u0440\u0442\u043d\u044b\u0445 \u0440\u0430\u0437\u0432\u043b\u0435\u0447\u0435\u043d\u0438\u0439 \u0438 \u0438\u0433\u0440\u044b Fortune\" \/>\n<meta property=\"og:description\" content=\"\u0423\u0437\u043d\u0430\u0439\u0442\u0435 \u043e \u043d\u0430\u0448\u0435\u0439 \u0441\u0442\u0440\u0430\u0441\u0442\u0438 \u043a \u0430\u0437\u0430\u0440\u0442\u043d\u044b\u043c \u0440\u0430\u0437\u0432\u043b\u0435\u0447\u0435\u043d\u0438\u044f\u043c, \u043e\u043a\u0430\u0437\u044b\u0432\u0430\u0439\u0442\u0435 \u043f\u043e\u0434\u0434\u0435\u0440\u0436\u043a\u0443 \u0432 \u0438\u0433\u0440\u0435 \u0432 Fortune. \u0411\u0443\u0434\u044c\u0442\u0435 \u0432 \u043a\u0443\u0440\u0441\u0435 \u043f\u043e\u0441\u043b\u0435\u0434\u043d\u0438\u0445 \u043d\u043e\u0432\u043e\u0441\u0442\u0435\u0439 \u0438 \u0441\u0442\u0440\u0430\u0442\u0435\u0433\u0438\u0439. \u0412\u0435\u0441\u0435\u043b\u043e \u0438 \u043e\u0442\u0432\u0435\u0442\u0441\u0442\u0432\u0435\u043d\u043d\u043e!\" \/>\n<meta property=\"og:url\" content=\"https:\/\/fortuneslots.org\/de\/about-us\/\" \/>\n<meta property=\"og:site_name\" content=\"Fortune Slots\" \/>\n<meta property=\"article:modified_time\" content=\"2024-06-22T19:41:29+00:00\" \/>\n<meta name=\"twitter:card\" content=\"summary_large_image\" \/>\n<meta name=\"twitter:label1\" content=\"Gesch\u00e4tzte Lesezeit\" \/>\n\t<meta name=\"twitter:data1\" content=\"13\u00a0Minuten\" \/>\n<script type=\"application\/ld+json\" class=\"yoast-schema-graph\">{\"@context\":\"https:\/\/schema.org\",\"@graph\":[{\"@type\":\"WebPage\",\"@id\":\"https:\/\/fortuneslots.org\/about-us\/\",\"url\":\"https:\/\/fortuneslots.org\/about-us\/\",\"name\":\"\u041e \u043d\u0430\u0441: \u043f\u0443\u0442\u0435\u0432\u043e\u0434\u0438\u0442\u0435\u043b\u044c \u0432 \u043c\u0438\u0440\u0435 \u0430\u0437\u0430\u0440\u0442\u043d\u044b\u0445 \u0440\u0430\u0437\u0432\u043b\u0435\u0447\u0435\u043d\u0438\u0439 \u0438 \u0438\u0433\u0440\u044b Fortune\",\"isPartOf\":{\"@id\":\"https:\/\/fortuneslots.org\/#website\"},\"datePublished\":\"2023-12-02T22:10:24+00:00\",\"dateModified\":\"2024-06-22T19:41:29+00:00\",\"description\":\"\u0423\u0437\u043d\u0430\u0439\u0442\u0435 \u043e \u043d\u0430\u0448\u0435\u0439 \u0441\u0442\u0440\u0430\u0441\u0442\u0438 \u043a \u0430\u0437\u0430\u0440\u0442\u043d\u044b\u043c \u0440\u0430\u0437\u0432\u043b\u0435\u0447\u0435\u043d\u0438\u044f\u043c, \u043e\u043a\u0430\u0437\u044b\u0432\u0430\u0439\u0442\u0435 \u043f\u043e\u0434\u0434\u0435\u0440\u0436\u043a\u0443 \u0432 \u0438\u0433\u0440\u0435 \u0432 Fortune. \u0411\u0443\u0434\u044c\u0442\u0435 \u0432 \u043a\u0443\u0440\u0441\u0435 \u043f\u043e\u0441\u043b\u0435\u0434\u043d\u0438\u0445 \u043d\u043e\u0432\u043e\u0441\u0442\u0435\u0439 \u0438 \u0441\u0442\u0440\u0430\u0442\u0435\u0433\u0438\u0439. \u0412\u0435\u0441\u0435\u043b\u043e \u0438 \u043e\u0442\u0432\u0435\u0442\u0441\u0442\u0432\u0435\u043d\u043d\u043e!\",\"breadcrumb\":{\"@id\":\"https:\/\/fortuneslots.org\/about-us\/#breadcrumb\"},\"inLanguage\":\"de-DE\",\"potentialAction\":[{\"@type\":\"ReadAction\",\"target\":[\"https:\/\/fortuneslots.org\/about-us\/\"]}]},{\"@type\":\"BreadcrumbList\",\"@id\":\"https:\/\/fortuneslots.org\/about-us\/#breadcrumb\",\"itemListElement\":[{\"@type\":\"ListItem\",\"position\":1,\"name\":\"Home\",\"item\":\"https:\/\/fortuneslots.org\/\"},{\"@type\":\"ListItem\",\"position\":2,\"name\":\"\u041e \u043d\u0430\u0441\"}]},{\"@type\":\"WebSite\",\"@id\":\"https:\/\/fortuneslots.org\/#website\",\"url\":\"https:\/\/fortuneslots.org\/\",\"name\":\"Fortune Slots\",\"description\":\"\",\"potentialAction\":[{\"@type\":\"SearchAction\",\"target\":{\"@type\":\"EntryPoint\",\"urlTemplate\":\"https:\/\/fortuneslots.org\/?s={search_term_string}\"},\"query-input\":{\"@type\":\"PropertyValueSpecification\",\"valueRequired\":true,\"valueName\":\"search_term_string\"}}],\"inLanguage\":\"de-DE\"}]}<\/script>\n<!-- \/ Yoast SEO plugin. -->","yoast_head_json":{"title":"\u041e \u043d\u0430\u0441: \u043f\u0443\u0442\u0435\u0432\u043e\u0434\u0438\u0442\u0435\u043b\u044c \u0432 \u043c\u0438\u0440\u0435 \u0430\u0437\u0430\u0440\u0442\u043d\u044b\u0445 \u0440\u0430\u0437\u0432\u043b\u0435\u0447\u0435\u043d\u0438\u0439 \u0438 \u0438\u0433\u0440\u044b Fortune","description":"Erfahren Sie mehr \u00fcber unsere Leidenschaft f\u00fcr Gl\u00fccksspielunterhaltung, unterst\u00fctzen Sie das Spiel Fortune. Bleiben Sie auf dem neuesten Stand mit den neuesten Nachrichten und Strategien. Viel Spa\u00df und spielen Sie verantwortungsbewusst!","robots":{"index":"index","follow":"follow","max-snippet":"max-snippet:-1","max-image-preview":"max-image-preview:large","max-video-preview":"max-video-preview:-1"},"canonical":"https:\/\/fortuneslots.org\/de\/about-us\/","og_locale":"de_DE","og_type":"article","og_title":"\u041e \u043d\u0430\u0441: \u043f\u0443\u0442\u0435\u0432\u043e\u0434\u0438\u0442\u0435\u043b\u044c \u0432 \u043c\u0438\u0440\u0435 \u0430\u0437\u0430\u0440\u0442\u043d\u044b\u0445 \u0440\u0430\u0437\u0432\u043b\u0435\u0447\u0435\u043d\u0438\u0439 \u0438 \u0438\u0433\u0440\u044b Fortune","og_description":"\u0423\u0437\u043d\u0430\u0439\u0442\u0435 \u043e \u043d\u0430\u0448\u0435\u0439 \u0441\u0442\u0440\u0430\u0441\u0442\u0438 \u043a \u0430\u0437\u0430\u0440\u0442\u043d\u044b\u043c \u0440\u0430\u0437\u0432\u043b\u0435\u0447\u0435\u043d\u0438\u044f\u043c, \u043e\u043a\u0430\u0437\u044b\u0432\u0430\u0439\u0442\u0435 \u043f\u043e\u0434\u0434\u0435\u0440\u0436\u043a\u0443 \u0432 \u0438\u0433\u0440\u0435 \u0432 Fortune. \u0411\u0443\u0434\u044c\u0442\u0435 \u0432 \u043a\u0443\u0440\u0441\u0435 \u043f\u043e\u0441\u043b\u0435\u0434\u043d\u0438\u0445 \u043d\u043e\u0432\u043e\u0441\u0442\u0435\u0439 \u0438 \u0441\u0442\u0440\u0430\u0442\u0435\u0433\u0438\u0439. \u0412\u0435\u0441\u0435\u043b\u043e \u0438 \u043e\u0442\u0432\u0435\u0442\u0441\u0442\u0432\u0435\u043d\u043d\u043e!","og_url":"https:\/\/fortuneslots.org\/de\/about-us\/","og_site_name":"Fortune Slots","article_modified_time":"2024-06-22T19:41:29+00:00","twitter_card":"summary_large_image","twitter_misc":{"Gesch\u00e4tzte Lesezeit":"13\u00a0Minuten"},"schema":{"@context":"https:\/\/schema.org","@graph":[{"@type":"WebPage","@id":"https:\/\/fortuneslots.org\/about-us\/","url":"https:\/\/fortuneslots.org\/about-us\/","name":"\u041e \u043d\u0430\u0441: \u043f\u0443\u0442\u0435\u0432\u043e\u0434\u0438\u0442\u0435\u043b\u044c \u0432 \u043c\u0438\u0440\u0435 \u0430\u0437\u0430\u0440\u0442\u043d\u044b\u0445 \u0440\u0430\u0437\u0432\u043b\u0435\u0447\u0435\u043d\u0438\u0439 \u0438 \u0438\u0433\u0440\u044b Fortune","isPartOf":{"@id":"https:\/\/fortuneslots.org\/#website"},"datePublished":"2023-12-02T22:10:24+00:00","dateModified":"2024-06-22T19:41:29+00:00","description":"\u0423\u0437\u043d\u0430\u0439\u0442\u0435 \u043e \u043d\u0430\u0448\u0435\u0439 \u0441\u0442\u0440\u0430\u0441\u0442\u0438 \u043a \u0430\u0437\u0430\u0440\u0442\u043d\u044b\u043c \u0440\u0430\u0437\u0432\u043b\u0435\u0447\u0435\u043d\u0438\u044f\u043c, \u043e\u043a\u0430\u0437\u044b\u0432\u0430\u0439\u0442\u0435 \u043f\u043e\u0434\u0434\u0435\u0440\u0436\u043a\u0443 \u0432 \u0438\u0433\u0440\u0435 \u0432 Fortune. \u0411\u0443\u0434\u044c\u0442\u0435 \u0432 \u043a\u0443\u0440\u0441\u0435 \u043f\u043e\u0441\u043b\u0435\u0434\u043d\u0438\u0445 \u043d\u043e\u0432\u043e\u0441\u0442\u0435\u0439 \u0438 \u0441\u0442\u0440\u0430\u0442\u0435\u0433\u0438\u0439. \u0412\u0435\u0441\u0435\u043b\u043e \u0438 \u043e\u0442\u0432\u0435\u0442\u0441\u0442\u0432\u0435\u043d\u043d\u043e!","breadcrumb":{"@id":"https:\/\/fortuneslots.org\/about-us\/#breadcrumb"},"inLanguage":"de-DE","potentialAction":[{"@type":"ReadAction","target":["https:\/\/fortuneslots.org\/about-us\/"]}]},{"@type":"BreadcrumbList","@id":"https:\/\/fortuneslots.org\/about-us\/#breadcrumb","itemListElement":[{"@type":"ListItem","position":1,"name":"Home","item":"https:\/\/fortuneslots.org\/"},{"@type":"ListItem","position":2,"name":"\u041e \u043d\u0430\u0441"}]},{"@type":"WebSite","@id":"https:\/\/fortuneslots.org\/#website","url":"https:\/\/fortuneslots.org\/","name":"Fortune Slots","description":"","potentialAction":[{"@type":"SearchAction","target":{"@type":"EntryPoint","urlTemplate":"https:\/\/fortuneslots.org\/?s={search_term_string}"},"query-input":{"@type":"PropertyValueSpecification","valueRequired":true,"valueName":"search_term_string"}}],"inLanguage":"de-DE"}]}},"_links":{"self":[{"href":"https:\/\/fortuneslots.org\/de\/wp-json\/wp\/v2\/pages\/17","targetHints":{"allow":["GET"]}}],"collection":[{"href":"https:\/\/fortuneslots.org\/de\/wp-json\/wp\/v2\/pages"}],"about":[{"href":"https:\/\/fortuneslots.org\/de\/wp-json\/wp\/v2\/types\/page"}],"author":[{"embeddable":true,"href":"https:\/\/fortuneslots.org\/de\/wp-json\/wp\/v2\/users\/1"}],"replies":[{"embeddable":true,"href":"https:\/\/fortuneslots.org\/de\/wp-json\/wp\/v2\/comments?post=17"}],"version-history":[{"count":22,"href":"https:\/\/fortuneslots.org\/de\/wp-json\/wp\/v2\/pages\/17\/revisions"}],"predecessor-version":[{"id":156,"href":"https:\/\/fortuneslots.org\/de\/wp-json\/wp\/v2\/pages\/17\/revisions\/156"}],"wp:attachment":[{"href":"https:\/\/fortuneslots.org\/de\/wp-json\/wp\/v2\/media?parent=17"}],"curies":[{"name":"wp","href":"https:\/\/api.w.org\/{rel}","templated":true}]}}