{"id":17,"date":"2023-12-02T22:10:24","date_gmt":"2023-12-02T22:10:24","guid":{"rendered":"https:\/\/fortuneslots.org\/?page_id=17"},"modified":"2024-06-22T19:41:29","modified_gmt":"2024-06-22T19:41:29","slug":"about-us","status":"publish","type":"page","link":"https:\/\/fortuneslots.org\/es\/about-us\/","title":{"rendered":"Sobre nosotros"},"content":{"rendered":"<p>Bienvenido a la p\u00e1gina \u00abSobre Nosotros\u00bb &#8211; el lugar donde aprender\u00e1s m\u00e1s sobre nuestra pasi\u00f3n por el entretenimiento de juegos de azar y c\u00f3mo hacemos que tu experiencia de juego en \u00abFortune\u00bb sea inolvidable.<\/p>\n<p><strong>Nuestra Misi\u00f3n:<\/strong> Hemos creado este recurso para compartir nuestra emoci\u00f3n por jugar \u00abFortune\u00bb contigo. Nuestro objetivo es proporcionarte informaci\u00f3n \u00fatil, sumergirte en el cautivador mundo de esta tragamonedas y hacer que tu experiencia de juego sea m\u00e1s satisfactoria.<\/p>\n<p><strong>Lo Que Hacemos:<\/strong> Nuestro objetivo es ser tu gu\u00eda confiable en el mundo de \u00abFortune\u00bb. Proporcionamos rese\u00f1as, estrategias, consejos de juego y las \u00faltimas noticias sobre esta emocionante tragamonedas. Nuestros art\u00edculos est\u00e1n dise\u00f1ados para hacer que tu introducci\u00f3n a \u00abFortune\u00bb no solo sea emocionante, sino tambi\u00e9n exitosa.<\/p>\n<p><strong>\u00bfPor Qu\u00e9 \u00abFortune\u00bb?<\/strong> \u00abFortune\u00bb no es solo una tragamonedas; es todo un mundo de posibilidades y momentos emocionantes. Creemos que cada jugador merece informaci\u00f3n de calidad sobre su juego favorito, por eso prestamos especial atenci\u00f3n a \u00abFortune\u00bb.<\/p>\n<p><strong>Nuestro Enfoque:<\/strong> Creemos que dos aspectos son importantes en el entretenimiento de juegos de azar: disfrute y responsabilidad. Por lo tanto, nuestro enfoque para proporcionar informaci\u00f3n incluye apoyar un entorno de juego seguro y placentero. Fomentamos el comportamiento de juego responsable y proporcionamos recursos para jugadores que enfrentan problemas de adicci\u00f3n al juego.<\/p>\n<p><strong>Qui\u00e9nes Somos:<\/strong> Somos un equipo de entusiastas del juego de azar que comparten amor por \u00abFortune\u00bb. Nuestra experiencia y pasi\u00f3n por este juego nos permiten brindarte la informaci\u00f3n m\u00e1s relevante e interesante.<\/p>\n<p><strong>Cont\u00e1ctanos:<\/strong> Si tienes alguna pregunta, sugerencia o simplemente quieres compartir tu experiencia con \u00abFortune\u00bb, no dudes en contactarnos. Estamos listos para comunicarnos y compartir la emoci\u00f3n contigo.<\/p>\n<p>Gracias por elegirnos como tu socio en el mundo de \u00abFortune\u00bb. \u00a1Juega con placer, y que la suerte siempre est\u00e9 de tu lado!<\/p>\n","protected":false},"excerpt":{"rendered":"<p>Bienvenido a la p\u00e1gina \u00abSobre Nosotros\u00bb &#8211; el lugar donde aprender\u00e1s m\u00e1s sobre nuestra pasi\u00f3n por el entretenimiento de juegos de azar y c\u00f3mo hacemos que tu experiencia de juego en \u00abFortune\u00bb&#8230;<\/p>\n","protected":false},"author":1,"featured_media":0,"parent":0,"menu_order":0,"comment_status":"closed","ping_status":"closed","template":"","meta":{"footnotes":""},"class_list":["post-17","page","type-page","status-publish","hentry"],"yoast_head":"<!-- This site is optimized with the Yoast SEO plugin v27.2 - https:\/\/yoast.com\/product\/yoast-seo-wordpress\/ -->\n<title>\u041e \u043d\u0430\u0441: \u043f\u0443\u0442\u0435\u0432\u043e\u0434\u0438\u0442\u0435\u043b\u044c \u0432 \u043c\u0438\u0440\u0435 \u0430\u0437\u0430\u0440\u0442\u043d\u044b\u0445 \u0440\u0430\u0437\u0432\u043b\u0435\u0447\u0435\u043d\u0438\u0439 \u0438 \u0438\u0433\u0440\u044b Fortune<\/title>\n<meta name=\"description\" content=\"Conozca nuestra pasi\u00f3n por el entretenimiento de juegos de azar, apoye jugando a Fortune. Mant\u00e9ngase actualizado sobre las \u00faltimas noticias y estrategias. \u00a1Divi\u00e9rtase y juegue de manera responsable!\" \/>\n<meta name=\"robots\" content=\"index, follow, max-snippet:-1, max-image-preview:large, max-video-preview:-1\" \/>\n<link rel=\"canonical\" href=\"https:\/\/fortuneslots.org\/es\/about-us\/\" \/>\n<meta property=\"og:locale\" content=\"es_ES\" \/>\n<meta property=\"og:locale:alternate\" content=\"ru_RU\" \/>\n<meta property=\"og:locale:alternate\" content=\"en_US\" \/>\n<meta property=\"og:locale:alternate\" content=\"pt_PT\" \/>\n<meta property=\"og:locale:alternate\" content=\"fr_FR\" \/>\n<meta property=\"og:locale:alternate\" content=\"de_DE\" \/>\n<meta property=\"og:locale:alternate\" content=\"ro_RO\" \/>\n<meta property=\"og:locale:alternate\" content=\"sr_RS\" \/>\n<meta property=\"og:locale:alternate\" content=\"bg_BG\" \/>\n<meta property=\"og:locale:alternate\" content=\"pl_PL\" \/>\n<meta property=\"og:locale:alternate\" content=\"it_IT\" \/>\n<meta property=\"og:type\" content=\"article\" \/>\n<meta property=\"og:title\" content=\"\u041e \u043d\u0430\u0441: \u043f\u0443\u0442\u0435\u0432\u043e\u0434\u0438\u0442\u0435\u043b\u044c \u0432 \u043c\u0438\u0440\u0435 \u0430\u0437\u0430\u0440\u0442\u043d\u044b\u0445 \u0440\u0430\u0437\u0432\u043b\u0435\u0447\u0435\u043d\u0438\u0439 \u0438 \u0438\u0433\u0440\u044b Fortune\" \/>\n<meta property=\"og:description\" content=\"\u0423\u0437\u043d\u0430\u0439\u0442\u0435 \u043e \u043d\u0430\u0448\u0435\u0439 \u0441\u0442\u0440\u0430\u0441\u0442\u0438 \u043a \u0430\u0437\u0430\u0440\u0442\u043d\u044b\u043c \u0440\u0430\u0437\u0432\u043b\u0435\u0447\u0435\u043d\u0438\u044f\u043c, \u043e\u043a\u0430\u0437\u044b\u0432\u0430\u0439\u0442\u0435 \u043f\u043e\u0434\u0434\u0435\u0440\u0436\u043a\u0443 \u0432 \u0438\u0433\u0440\u0435 \u0432 Fortune. \u0411\u0443\u0434\u044c\u0442\u0435 \u0432 \u043a\u0443\u0440\u0441\u0435 \u043f\u043e\u0441\u043b\u0435\u0434\u043d\u0438\u0445 \u043d\u043e\u0432\u043e\u0441\u0442\u0435\u0439 \u0438 \u0441\u0442\u0440\u0430\u0442\u0435\u0433\u0438\u0439. \u0412\u0435\u0441\u0435\u043b\u043e \u0438 \u043e\u0442\u0432\u0435\u0442\u0441\u0442\u0432\u0435\u043d\u043d\u043e!\" \/>\n<meta property=\"og:url\" content=\"https:\/\/fortuneslots.org\/es\/about-us\/\" \/>\n<meta property=\"og:site_name\" content=\"Fortune Slots\" \/>\n<meta property=\"article:modified_time\" content=\"2024-06-22T19:41:29+00:00\" \/>\n<meta name=\"twitter:card\" content=\"summary_large_image\" \/>\n<meta name=\"twitter:label1\" content=\"Tiempo de lectura\" \/>\n\t<meta name=\"twitter:data1\" content=\"13 minutos\" \/>\n<script type=\"application\/ld+json\" class=\"yoast-schema-graph\">{\"@context\":\"https:\/\/schema.org\",\"@graph\":[{\"@type\":\"WebPage\",\"@id\":\"https:\/\/fortuneslots.org\/about-us\/\",\"url\":\"https:\/\/fortuneslots.org\/about-us\/\",\"name\":\"\u041e \u043d\u0430\u0441: \u043f\u0443\u0442\u0435\u0432\u043e\u0434\u0438\u0442\u0435\u043b\u044c \u0432 \u043c\u0438\u0440\u0435 \u0430\u0437\u0430\u0440\u0442\u043d\u044b\u0445 \u0440\u0430\u0437\u0432\u043b\u0435\u0447\u0435\u043d\u0438\u0439 \u0438 \u0438\u0433\u0440\u044b Fortune\",\"isPartOf\":{\"@id\":\"https:\/\/fortuneslots.org\/#website\"},\"datePublished\":\"2023-12-02T22:10:24+00:00\",\"dateModified\":\"2024-06-22T19:41:29+00:00\",\"description\":\"\u0423\u0437\u043d\u0430\u0439\u0442\u0435 \u043e \u043d\u0430\u0448\u0435\u0439 \u0441\u0442\u0440\u0430\u0441\u0442\u0438 \u043a \u0430\u0437\u0430\u0440\u0442\u043d\u044b\u043c \u0440\u0430\u0437\u0432\u043b\u0435\u0447\u0435\u043d\u0438\u044f\u043c, \u043e\u043a\u0430\u0437\u044b\u0432\u0430\u0439\u0442\u0435 \u043f\u043e\u0434\u0434\u0435\u0440\u0436\u043a\u0443 \u0432 \u0438\u0433\u0440\u0435 \u0432 Fortune. \u0411\u0443\u0434\u044c\u0442\u0435 \u0432 \u043a\u0443\u0440\u0441\u0435 \u043f\u043e\u0441\u043b\u0435\u0434\u043d\u0438\u0445 \u043d\u043e\u0432\u043e\u0441\u0442\u0435\u0439 \u0438 \u0441\u0442\u0440\u0430\u0442\u0435\u0433\u0438\u0439. \u0412\u0435\u0441\u0435\u043b\u043e \u0438 \u043e\u0442\u0432\u0435\u0442\u0441\u0442\u0432\u0435\u043d\u043d\u043e!\",\"breadcrumb\":{\"@id\":\"https:\/\/fortuneslots.org\/about-us\/#breadcrumb\"},\"inLanguage\":\"es-ES\",\"potentialAction\":[{\"@type\":\"ReadAction\",\"target\":[\"https:\/\/fortuneslots.org\/about-us\/\"]}]},{\"@type\":\"BreadcrumbList\",\"@id\":\"https:\/\/fortuneslots.org\/about-us\/#breadcrumb\",\"itemListElement\":[{\"@type\":\"ListItem\",\"position\":1,\"name\":\"Home\",\"item\":\"https:\/\/fortuneslots.org\/\"},{\"@type\":\"ListItem\",\"position\":2,\"name\":\"\u041e \u043d\u0430\u0441\"}]},{\"@type\":\"WebSite\",\"@id\":\"https:\/\/fortuneslots.org\/#website\",\"url\":\"https:\/\/fortuneslots.org\/\",\"name\":\"Fortune Slots\",\"description\":\"\",\"potentialAction\":[{\"@type\":\"SearchAction\",\"target\":{\"@type\":\"EntryPoint\",\"urlTemplate\":\"https:\/\/fortuneslots.org\/?s={search_term_string}\"},\"query-input\":{\"@type\":\"PropertyValueSpecification\",\"valueRequired\":true,\"valueName\":\"search_term_string\"}}],\"inLanguage\":\"es-ES\"}]}<\/script>\n<!-- \/ Yoast SEO plugin. -->","yoast_head_json":{"title":"\u041e \u043d\u0430\u0441: \u043f\u0443\u0442\u0435\u0432\u043e\u0434\u0438\u0442\u0435\u043b\u044c \u0432 \u043c\u0438\u0440\u0435 \u0430\u0437\u0430\u0440\u0442\u043d\u044b\u0445 \u0440\u0430\u0437\u0432\u043b\u0435\u0447\u0435\u043d\u0438\u0439 \u0438 \u0438\u0433\u0440\u044b Fortune","description":"Conozca nuestra pasi\u00f3n por el entretenimiento de juegos de azar, apoye jugando a Fortune. Mant\u00e9ngase actualizado sobre las \u00faltimas noticias y estrategias. \u00a1Divi\u00e9rtase y juegue de manera responsable!","robots":{"index":"index","follow":"follow","max-snippet":"max-snippet:-1","max-image-preview":"max-image-preview:large","max-video-preview":"max-video-preview:-1"},"canonical":"https:\/\/fortuneslots.org\/es\/about-us\/","og_locale":"es_ES","og_type":"article","og_title":"\u041e \u043d\u0430\u0441: \u043f\u0443\u0442\u0435\u0432\u043e\u0434\u0438\u0442\u0435\u043b\u044c \u0432 \u043c\u0438\u0440\u0435 \u0430\u0437\u0430\u0440\u0442\u043d\u044b\u0445 \u0440\u0430\u0437\u0432\u043b\u0435\u0447\u0435\u043d\u0438\u0439 \u0438 \u0438\u0433\u0440\u044b Fortune","og_description":"\u0423\u0437\u043d\u0430\u0439\u0442\u0435 \u043e \u043d\u0430\u0448\u0435\u0439 \u0441\u0442\u0440\u0430\u0441\u0442\u0438 \u043a \u0430\u0437\u0430\u0440\u0442\u043d\u044b\u043c \u0440\u0430\u0437\u0432\u043b\u0435\u0447\u0435\u043d\u0438\u044f\u043c, \u043e\u043a\u0430\u0437\u044b\u0432\u0430\u0439\u0442\u0435 \u043f\u043e\u0434\u0434\u0435\u0440\u0436\u043a\u0443 \u0432 \u0438\u0433\u0440\u0435 \u0432 Fortune. \u0411\u0443\u0434\u044c\u0442\u0435 \u0432 \u043a\u0443\u0440\u0441\u0435 \u043f\u043e\u0441\u043b\u0435\u0434\u043d\u0438\u0445 \u043d\u043e\u0432\u043e\u0441\u0442\u0435\u0439 \u0438 \u0441\u0442\u0440\u0430\u0442\u0435\u0433\u0438\u0439. \u0412\u0435\u0441\u0435\u043b\u043e \u0438 \u043e\u0442\u0432\u0435\u0442\u0441\u0442\u0432\u0435\u043d\u043d\u043e!","og_url":"https:\/\/fortuneslots.org\/es\/about-us\/","og_site_name":"Fortune Slots","article_modified_time":"2024-06-22T19:41:29+00:00","twitter_card":"summary_large_image","twitter_misc":{"Tiempo de lectura":"13 minutos"},"schema":{"@context":"https:\/\/schema.org","@graph":[{"@type":"WebPage","@id":"https:\/\/fortuneslots.org\/about-us\/","url":"https:\/\/fortuneslots.org\/about-us\/","name":"\u041e \u043d\u0430\u0441: \u043f\u0443\u0442\u0435\u0432\u043e\u0434\u0438\u0442\u0435\u043b\u044c \u0432 \u043c\u0438\u0440\u0435 \u0430\u0437\u0430\u0440\u0442\u043d\u044b\u0445 \u0440\u0430\u0437\u0432\u043b\u0435\u0447\u0435\u043d\u0438\u0439 \u0438 \u0438\u0433\u0440\u044b Fortune","isPartOf":{"@id":"https:\/\/fortuneslots.org\/#website"},"datePublished":"2023-12-02T22:10:24+00:00","dateModified":"2024-06-22T19:41:29+00:00","description":"\u0423\u0437\u043d\u0430\u0439\u0442\u0435 \u043e \u043d\u0430\u0448\u0435\u0439 \u0441\u0442\u0440\u0430\u0441\u0442\u0438 \u043a \u0430\u0437\u0430\u0440\u0442\u043d\u044b\u043c \u0440\u0430\u0437\u0432\u043b\u0435\u0447\u0435\u043d\u0438\u044f\u043c, \u043e\u043a\u0430\u0437\u044b\u0432\u0430\u0439\u0442\u0435 \u043f\u043e\u0434\u0434\u0435\u0440\u0436\u043a\u0443 \u0432 \u0438\u0433\u0440\u0435 \u0432 Fortune. \u0411\u0443\u0434\u044c\u0442\u0435 \u0432 \u043a\u0443\u0440\u0441\u0435 \u043f\u043e\u0441\u043b\u0435\u0434\u043d\u0438\u0445 \u043d\u043e\u0432\u043e\u0441\u0442\u0435\u0439 \u0438 \u0441\u0442\u0440\u0430\u0442\u0435\u0433\u0438\u0439. \u0412\u0435\u0441\u0435\u043b\u043e \u0438 \u043e\u0442\u0432\u0435\u0442\u0441\u0442\u0432\u0435\u043d\u043d\u043e!","breadcrumb":{"@id":"https:\/\/fortuneslots.org\/about-us\/#breadcrumb"},"inLanguage":"es-ES","potentialAction":[{"@type":"ReadAction","target":["https:\/\/fortuneslots.org\/about-us\/"]}]},{"@type":"BreadcrumbList","@id":"https:\/\/fortuneslots.org\/about-us\/#breadcrumb","itemListElement":[{"@type":"ListItem","position":1,"name":"Home","item":"https:\/\/fortuneslots.org\/"},{"@type":"ListItem","position":2,"name":"\u041e \u043d\u0430\u0441"}]},{"@type":"WebSite","@id":"https:\/\/fortuneslots.org\/#website","url":"https:\/\/fortuneslots.org\/","name":"Fortune Slots","description":"","potentialAction":[{"@type":"SearchAction","target":{"@type":"EntryPoint","urlTemplate":"https:\/\/fortuneslots.org\/?s={search_term_string}"},"query-input":{"@type":"PropertyValueSpecification","valueRequired":true,"valueName":"search_term_string"}}],"inLanguage":"es-ES"}]}},"_links":{"self":[{"href":"https:\/\/fortuneslots.org\/es\/wp-json\/wp\/v2\/pages\/17","targetHints":{"allow":["GET"]}}],"collection":[{"href":"https:\/\/fortuneslots.org\/es\/wp-json\/wp\/v2\/pages"}],"about":[{"href":"https:\/\/fortuneslots.org\/es\/wp-json\/wp\/v2\/types\/page"}],"author":[{"embeddable":true,"href":"https:\/\/fortuneslots.org\/es\/wp-json\/wp\/v2\/users\/1"}],"replies":[{"embeddable":true,"href":"https:\/\/fortuneslots.org\/es\/wp-json\/wp\/v2\/comments?post=17"}],"version-history":[{"count":22,"href":"https:\/\/fortuneslots.org\/es\/wp-json\/wp\/v2\/pages\/17\/revisions"}],"predecessor-version":[{"id":156,"href":"https:\/\/fortuneslots.org\/es\/wp-json\/wp\/v2\/pages\/17\/revisions\/156"}],"wp:attachment":[{"href":"https:\/\/fortuneslots.org\/es\/wp-json\/wp\/v2\/media?parent=17"}],"curies":[{"name":"wp","href":"https:\/\/api.w.org\/{rel}","templated":true}]}}