{"id":17,"date":"2023-12-02T22:10:24","date_gmt":"2023-12-02T22:10:24","guid":{"rendered":"https:\/\/fortuneslots.org\/?page_id=17"},"modified":"2024-06-22T19:41:29","modified_gmt":"2024-06-22T19:41:29","slug":"about-us","status":"publish","type":"page","link":"https:\/\/fortuneslots.org\/it\/about-us\/","title":{"rendered":"Chi siamo"},"content":{"rendered":"<p>Benvenuti alla pagina &#8220;Chi Siamo&#8221; \u2013 il posto dove scoprirai di pi\u00f9 sulla nostra passione per l&#8217;intrattenimento del gioco d&#8217;azzardo e su come rendiamo indimenticabile la tua esperienza di gioco in &#8220;Fortune&#8221;.<\/p>\n<p><strong>La Nostra Missione:<\/strong> Abbiamo creato questa risorsa per condividere con te il nostro entusiasmo per il gioco &#8220;Fortune&#8221;. Il nostro obiettivo \u00e8 fornirti informazioni utili, immergerti nel mondo affascinante di questa slot e rendere la tua esperienza di gioco pi\u00f9 soddisfacente.<\/p>\n<p><strong>Cosa Facciamo:<\/strong> Vogliamo essere la tua guida affidabile nel mondo di &#8220;Fortune&#8221;. Forniamo recensioni, strategie, consigli di gioco e le ultime novit\u00e0 su questa emozionante slot. I nostri articoli sono pensati per rendere la tua introduzione a &#8220;Fortune&#8221; non solo entusiasmante ma anche di successo.<\/p>\n<p><strong>Perch\u00e9 &#8220;Fortune&#8221;?<\/strong> &#8220;Fortune&#8221; non \u00e8 solo una slot; \u00e8 un mondo di possibilit\u00e0 e momenti emozionanti. Crediamo che ogni giocatore meriti informazioni di qualit\u00e0 sul proprio gioco preferito, motivo per cui prestiamo particolare attenzione a &#8220;Fortune&#8221;.<\/p>\n<p><strong>Il Nostro Approccio:<\/strong> Crediamo che due aspetti siano importanti nell&#8217;intrattenimento del gioco d&#8217;azzardo: divertimento e responsabilit\u00e0. Pertanto, il nostro approccio alla fornitura di informazioni include il supporto di un ambiente di gioco sicuro e piacevole. Incoraggiamo comportamenti di gioco responsabili e forniamo risorse per i giocatori che affrontano problemi di dipendenza dal gioco.<\/p>\n<p><strong>Chi Siamo:<\/strong> Siamo un team di appassionati di giochi d&#8217;azzardo che condividono l&#8217;amore per &#8220;Fortune&#8221;. La nostra esperienza e passione per questo gioco ci permettono di fornirti le informazioni pi\u00f9 rilevanti e interessanti.<\/p>\n<p><strong>Contattaci:<\/strong> Se hai domande, suggerimenti o vuoi semplicemente condividere la tua esperienza con &#8220;Fortune&#8221;, non esitare a contattarci. Siamo pronti a comunicare e condividere l&#8217;entusiasmo con te.<\/p>\n<p>Grazie per averci scelto come tuo partner nel mondo di &#8220;Fortune&#8221;. Gioca con piacere e che la fortuna sia sempre dalla tua parte!<\/p>\n","protected":false},"excerpt":{"rendered":"<p>Benvenuti alla pagina &#8220;Chi Siamo&#8221; \u2013 il posto dove scoprirai di pi\u00f9 sulla nostra passione per l&#8217;intrattenimento del gioco d&#8217;azzardo e su come rendiamo indimenticabile la tua esperienza di gioco in &#8220;Fortune&#8221;&#8230;.<\/p>\n","protected":false},"author":1,"featured_media":0,"parent":0,"menu_order":0,"comment_status":"closed","ping_status":"closed","template":"","meta":{"footnotes":""},"class_list":["post-17","page","type-page","status-publish","hentry"],"yoast_head":"<!-- This site is optimized with the Yoast SEO plugin v27.2 - https:\/\/yoast.com\/product\/yoast-seo-wordpress\/ -->\n<title>\u041e \u043d\u0430\u0441: \u043f\u0443\u0442\u0435\u0432\u043e\u0434\u0438\u0442\u0435\u043b\u044c \u0432 \u043c\u0438\u0440\u0435 \u0430\u0437\u0430\u0440\u0442\u043d\u044b\u0445 \u0440\u0430\u0437\u0432\u043b\u0435\u0447\u0435\u043d\u0438\u0439 \u0438 \u0438\u0433\u0440\u044b Fortune<\/title>\n<meta name=\"description\" content=\"Scopri la nostra passione per l&#039;intrattenimento del gioco d&#039;azzardo, sostieni il gioco della Fortuna. Resta aggiornato sulle ultime notizie e strategie. Divertiti e gioca responsabilmente!\" \/>\n<meta name=\"robots\" content=\"index, follow, max-snippet:-1, max-image-preview:large, max-video-preview:-1\" \/>\n<link rel=\"canonical\" href=\"https:\/\/fortuneslots.org\/it\/about-us\/\" \/>\n<meta property=\"og:locale\" content=\"it_IT\" \/>\n<meta property=\"og:locale:alternate\" content=\"ru_RU\" \/>\n<meta property=\"og:locale:alternate\" content=\"en_US\" \/>\n<meta property=\"og:locale:alternate\" content=\"pt_PT\" \/>\n<meta property=\"og:locale:alternate\" content=\"es_ES\" \/>\n<meta property=\"og:locale:alternate\" content=\"fr_FR\" \/>\n<meta property=\"og:locale:alternate\" content=\"de_DE\" \/>\n<meta property=\"og:locale:alternate\" content=\"ro_RO\" \/>\n<meta property=\"og:locale:alternate\" content=\"sr_RS\" \/>\n<meta property=\"og:locale:alternate\" content=\"bg_BG\" \/>\n<meta property=\"og:locale:alternate\" content=\"pl_PL\" \/>\n<meta property=\"og:type\" content=\"article\" \/>\n<meta property=\"og:title\" content=\"\u041e \u043d\u0430\u0441: \u043f\u0443\u0442\u0435\u0432\u043e\u0434\u0438\u0442\u0435\u043b\u044c \u0432 \u043c\u0438\u0440\u0435 \u0430\u0437\u0430\u0440\u0442\u043d\u044b\u0445 \u0440\u0430\u0437\u0432\u043b\u0435\u0447\u0435\u043d\u0438\u0439 \u0438 \u0438\u0433\u0440\u044b Fortune\" \/>\n<meta property=\"og:description\" content=\"\u0423\u0437\u043d\u0430\u0439\u0442\u0435 \u043e \u043d\u0430\u0448\u0435\u0439 \u0441\u0442\u0440\u0430\u0441\u0442\u0438 \u043a \u0430\u0437\u0430\u0440\u0442\u043d\u044b\u043c \u0440\u0430\u0437\u0432\u043b\u0435\u0447\u0435\u043d\u0438\u044f\u043c, \u043e\u043a\u0430\u0437\u044b\u0432\u0430\u0439\u0442\u0435 \u043f\u043e\u0434\u0434\u0435\u0440\u0436\u043a\u0443 \u0432 \u0438\u0433\u0440\u0435 \u0432 Fortune. \u0411\u0443\u0434\u044c\u0442\u0435 \u0432 \u043a\u0443\u0440\u0441\u0435 \u043f\u043e\u0441\u043b\u0435\u0434\u043d\u0438\u0445 \u043d\u043e\u0432\u043e\u0441\u0442\u0435\u0439 \u0438 \u0441\u0442\u0440\u0430\u0442\u0435\u0433\u0438\u0439. \u0412\u0435\u0441\u0435\u043b\u043e \u0438 \u043e\u0442\u0432\u0435\u0442\u0441\u0442\u0432\u0435\u043d\u043d\u043e!\" \/>\n<meta property=\"og:url\" content=\"https:\/\/fortuneslots.org\/it\/about-us\/\" \/>\n<meta property=\"og:site_name\" content=\"Fortune Slots\" \/>\n<meta property=\"article:modified_time\" content=\"2024-06-22T19:41:29+00:00\" \/>\n<meta name=\"twitter:card\" content=\"summary_large_image\" \/>\n<meta name=\"twitter:label1\" content=\"Tempo di lettura stimato\" \/>\n\t<meta name=\"twitter:data1\" content=\"13 minuti\" \/>\n<script type=\"application\/ld+json\" class=\"yoast-schema-graph\">{\"@context\":\"https:\/\/schema.org\",\"@graph\":[{\"@type\":\"WebPage\",\"@id\":\"https:\/\/fortuneslots.org\/about-us\/\",\"url\":\"https:\/\/fortuneslots.org\/about-us\/\",\"name\":\"\u041e \u043d\u0430\u0441: \u043f\u0443\u0442\u0435\u0432\u043e\u0434\u0438\u0442\u0435\u043b\u044c \u0432 \u043c\u0438\u0440\u0435 \u0430\u0437\u0430\u0440\u0442\u043d\u044b\u0445 \u0440\u0430\u0437\u0432\u043b\u0435\u0447\u0435\u043d\u0438\u0439 \u0438 \u0438\u0433\u0440\u044b Fortune\",\"isPartOf\":{\"@id\":\"https:\/\/fortuneslots.org\/#website\"},\"datePublished\":\"2023-12-02T22:10:24+00:00\",\"dateModified\":\"2024-06-22T19:41:29+00:00\",\"description\":\"\u0423\u0437\u043d\u0430\u0439\u0442\u0435 \u043e \u043d\u0430\u0448\u0435\u0439 \u0441\u0442\u0440\u0430\u0441\u0442\u0438 \u043a \u0430\u0437\u0430\u0440\u0442\u043d\u044b\u043c \u0440\u0430\u0437\u0432\u043b\u0435\u0447\u0435\u043d\u0438\u044f\u043c, \u043e\u043a\u0430\u0437\u044b\u0432\u0430\u0439\u0442\u0435 \u043f\u043e\u0434\u0434\u0435\u0440\u0436\u043a\u0443 \u0432 \u0438\u0433\u0440\u0435 \u0432 Fortune. \u0411\u0443\u0434\u044c\u0442\u0435 \u0432 \u043a\u0443\u0440\u0441\u0435 \u043f\u043e\u0441\u043b\u0435\u0434\u043d\u0438\u0445 \u043d\u043e\u0432\u043e\u0441\u0442\u0435\u0439 \u0438 \u0441\u0442\u0440\u0430\u0442\u0435\u0433\u0438\u0439. \u0412\u0435\u0441\u0435\u043b\u043e \u0438 \u043e\u0442\u0432\u0435\u0442\u0441\u0442\u0432\u0435\u043d\u043d\u043e!\",\"breadcrumb\":{\"@id\":\"https:\/\/fortuneslots.org\/about-us\/#breadcrumb\"},\"inLanguage\":\"it-IT\",\"potentialAction\":[{\"@type\":\"ReadAction\",\"target\":[\"https:\/\/fortuneslots.org\/about-us\/\"]}]},{\"@type\":\"BreadcrumbList\",\"@id\":\"https:\/\/fortuneslots.org\/about-us\/#breadcrumb\",\"itemListElement\":[{\"@type\":\"ListItem\",\"position\":1,\"name\":\"Home\",\"item\":\"https:\/\/fortuneslots.org\/\"},{\"@type\":\"ListItem\",\"position\":2,\"name\":\"\u041e \u043d\u0430\u0441\"}]},{\"@type\":\"WebSite\",\"@id\":\"https:\/\/fortuneslots.org\/#website\",\"url\":\"https:\/\/fortuneslots.org\/\",\"name\":\"Fortune Slots\",\"description\":\"\",\"potentialAction\":[{\"@type\":\"SearchAction\",\"target\":{\"@type\":\"EntryPoint\",\"urlTemplate\":\"https:\/\/fortuneslots.org\/?s={search_term_string}\"},\"query-input\":{\"@type\":\"PropertyValueSpecification\",\"valueRequired\":true,\"valueName\":\"search_term_string\"}}],\"inLanguage\":\"it-IT\"}]}<\/script>\n<!-- \/ Yoast SEO plugin. -->","yoast_head_json":{"title":"\u041e \u043d\u0430\u0441: \u043f\u0443\u0442\u0435\u0432\u043e\u0434\u0438\u0442\u0435\u043b\u044c \u0432 \u043c\u0438\u0440\u0435 \u0430\u0437\u0430\u0440\u0442\u043d\u044b\u0445 \u0440\u0430\u0437\u0432\u043b\u0435\u0447\u0435\u043d\u0438\u0439 \u0438 \u0438\u0433\u0440\u044b Fortune","description":"Scopri la nostra passione per l'intrattenimento del gioco d'azzardo, sostieni il gioco della Fortuna. Resta aggiornato sulle ultime notizie e strategie. Divertiti e gioca responsabilmente!","robots":{"index":"index","follow":"follow","max-snippet":"max-snippet:-1","max-image-preview":"max-image-preview:large","max-video-preview":"max-video-preview:-1"},"canonical":"https:\/\/fortuneslots.org\/it\/about-us\/","og_locale":"it_IT","og_type":"article","og_title":"\u041e \u043d\u0430\u0441: \u043f\u0443\u0442\u0435\u0432\u043e\u0434\u0438\u0442\u0435\u043b\u044c \u0432 \u043c\u0438\u0440\u0435 \u0430\u0437\u0430\u0440\u0442\u043d\u044b\u0445 \u0440\u0430\u0437\u0432\u043b\u0435\u0447\u0435\u043d\u0438\u0439 \u0438 \u0438\u0433\u0440\u044b Fortune","og_description":"\u0423\u0437\u043d\u0430\u0439\u0442\u0435 \u043e \u043d\u0430\u0448\u0435\u0439 \u0441\u0442\u0440\u0430\u0441\u0442\u0438 \u043a \u0430\u0437\u0430\u0440\u0442\u043d\u044b\u043c \u0440\u0430\u0437\u0432\u043b\u0435\u0447\u0435\u043d\u0438\u044f\u043c, \u043e\u043a\u0430\u0437\u044b\u0432\u0430\u0439\u0442\u0435 \u043f\u043e\u0434\u0434\u0435\u0440\u0436\u043a\u0443 \u0432 \u0438\u0433\u0440\u0435 \u0432 Fortune. \u0411\u0443\u0434\u044c\u0442\u0435 \u0432 \u043a\u0443\u0440\u0441\u0435 \u043f\u043e\u0441\u043b\u0435\u0434\u043d\u0438\u0445 \u043d\u043e\u0432\u043e\u0441\u0442\u0435\u0439 \u0438 \u0441\u0442\u0440\u0430\u0442\u0435\u0433\u0438\u0439. \u0412\u0435\u0441\u0435\u043b\u043e \u0438 \u043e\u0442\u0432\u0435\u0442\u0441\u0442\u0432\u0435\u043d\u043d\u043e!","og_url":"https:\/\/fortuneslots.org\/it\/about-us\/","og_site_name":"Fortune Slots","article_modified_time":"2024-06-22T19:41:29+00:00","twitter_card":"summary_large_image","twitter_misc":{"Tempo di lettura stimato":"13 minuti"},"schema":{"@context":"https:\/\/schema.org","@graph":[{"@type":"WebPage","@id":"https:\/\/fortuneslots.org\/about-us\/","url":"https:\/\/fortuneslots.org\/about-us\/","name":"\u041e \u043d\u0430\u0441: \u043f\u0443\u0442\u0435\u0432\u043e\u0434\u0438\u0442\u0435\u043b\u044c \u0432 \u043c\u0438\u0440\u0435 \u0430\u0437\u0430\u0440\u0442\u043d\u044b\u0445 \u0440\u0430\u0437\u0432\u043b\u0435\u0447\u0435\u043d\u0438\u0439 \u0438 \u0438\u0433\u0440\u044b Fortune","isPartOf":{"@id":"https:\/\/fortuneslots.org\/#website"},"datePublished":"2023-12-02T22:10:24+00:00","dateModified":"2024-06-22T19:41:29+00:00","description":"\u0423\u0437\u043d\u0430\u0439\u0442\u0435 \u043e \u043d\u0430\u0448\u0435\u0439 \u0441\u0442\u0440\u0430\u0441\u0442\u0438 \u043a \u0430\u0437\u0430\u0440\u0442\u043d\u044b\u043c \u0440\u0430\u0437\u0432\u043b\u0435\u0447\u0435\u043d\u0438\u044f\u043c, \u043e\u043a\u0430\u0437\u044b\u0432\u0430\u0439\u0442\u0435 \u043f\u043e\u0434\u0434\u0435\u0440\u0436\u043a\u0443 \u0432 \u0438\u0433\u0440\u0435 \u0432 Fortune. \u0411\u0443\u0434\u044c\u0442\u0435 \u0432 \u043a\u0443\u0440\u0441\u0435 \u043f\u043e\u0441\u043b\u0435\u0434\u043d\u0438\u0445 \u043d\u043e\u0432\u043e\u0441\u0442\u0435\u0439 \u0438 \u0441\u0442\u0440\u0430\u0442\u0435\u0433\u0438\u0439. \u0412\u0435\u0441\u0435\u043b\u043e \u0438 \u043e\u0442\u0432\u0435\u0442\u0441\u0442\u0432\u0435\u043d\u043d\u043e!","breadcrumb":{"@id":"https:\/\/fortuneslots.org\/about-us\/#breadcrumb"},"inLanguage":"it-IT","potentialAction":[{"@type":"ReadAction","target":["https:\/\/fortuneslots.org\/about-us\/"]}]},{"@type":"BreadcrumbList","@id":"https:\/\/fortuneslots.org\/about-us\/#breadcrumb","itemListElement":[{"@type":"ListItem","position":1,"name":"Home","item":"https:\/\/fortuneslots.org\/"},{"@type":"ListItem","position":2,"name":"\u041e \u043d\u0430\u0441"}]},{"@type":"WebSite","@id":"https:\/\/fortuneslots.org\/#website","url":"https:\/\/fortuneslots.org\/","name":"Fortune Slots","description":"","potentialAction":[{"@type":"SearchAction","target":{"@type":"EntryPoint","urlTemplate":"https:\/\/fortuneslots.org\/?s={search_term_string}"},"query-input":{"@type":"PropertyValueSpecification","valueRequired":true,"valueName":"search_term_string"}}],"inLanguage":"it-IT"}]}},"_links":{"self":[{"href":"https:\/\/fortuneslots.org\/it\/wp-json\/wp\/v2\/pages\/17","targetHints":{"allow":["GET"]}}],"collection":[{"href":"https:\/\/fortuneslots.org\/it\/wp-json\/wp\/v2\/pages"}],"about":[{"href":"https:\/\/fortuneslots.org\/it\/wp-json\/wp\/v2\/types\/page"}],"author":[{"embeddable":true,"href":"https:\/\/fortuneslots.org\/it\/wp-json\/wp\/v2\/users\/1"}],"replies":[{"embeddable":true,"href":"https:\/\/fortuneslots.org\/it\/wp-json\/wp\/v2\/comments?post=17"}],"version-history":[{"count":22,"href":"https:\/\/fortuneslots.org\/it\/wp-json\/wp\/v2\/pages\/17\/revisions"}],"predecessor-version":[{"id":156,"href":"https:\/\/fortuneslots.org\/it\/wp-json\/wp\/v2\/pages\/17\/revisions\/156"}],"wp:attachment":[{"href":"https:\/\/fortuneslots.org\/it\/wp-json\/wp\/v2\/media?parent=17"}],"curies":[{"name":"wp","href":"https:\/\/api.w.org\/{rel}","templated":true}]}}