{"id":13,"date":"2023-12-02T22:09:08","date_gmt":"2023-12-02T22:09:08","guid":{"rendered":"https:\/\/fortuneslots.org\/?page_id=13"},"modified":"2024-06-21T12:59:17","modified_gmt":"2024-06-21T12:59:17","slug":"download-fortune-slot","status":"publish","type":"page","link":"https:\/\/fortuneslots.org\/pl\/download-fortune-slot\/","title":{"rendered":"Pobieranie gry \u00abFortune\u00bb: Tw\u00f3j przewodnik po platformach"},"content":{"rendered":"<h2><strong>Pobierz na Androida<\/strong><\/h2>\n<p>Zamie\u0144 swoje urz\u0105dzenie mobilne w bram\u0119 do ekscytuj\u0105cego \u015bwiata &#8222;Fortune&#8221;! Aby rozpocz\u0105\u0107 gr\u0119 na Androidzie, post\u0119puj zgodnie z tymi prostymi krokami:<\/p>\n<ol>\n<li>Otw\u00f3rz Google Play: Uzyskaj dost\u0119p do sklepu Google Play na swoim urz\u0105dzeniu.<\/li>\n<li>Wyszukaj &#8222;Fortune&#8221;: Wpisz &#8222;Fortune&#8221; w pasku wyszukiwania i wybierz oficjaln\u0105 aplikacj\u0119.<\/li>\n<li>Zainstaluj aplikacj\u0119: Kliknij przycisk &#8222;Zainstaluj&#8221;, a proces pobierania rozpocznie si\u0119 automatycznie.<\/li>\n<li>Uruchom &#8222;Fortune&#8221;: Po zako\u0144czeniu instalacji uruchom aplikacj\u0119 i utw\u00f3rz konto, aby zanurzy\u0107 si\u0119 w ekscytuj\u0105cym \u015bwiecie przyg\u00f3d hazardowych.<\/li>\n<\/ol>\n<p>Teraz masz &#8222;Fortune&#8221; bezpo\u015brednio na swoim urz\u0105dzeniu z Androidem, gotow\u0105 na przygody i wielkie wygrane!<\/p>\n<h2><strong>Pobierz na iPhone<\/strong><\/h2>\n<p>W\u0142a\u015bciciele iPhone&#8217;\u00f3w mog\u0105 r\u00f3wnie\u017c cieszy\u0107 si\u0119 wszystkimi korzy\u015bciami &#8222;Fortune&#8221; bezpo\u015brednio na swoich urz\u0105dzeniach. Oto jak to zrobi\u0107:<\/p>\n<ol>\n<li>Otw\u00f3rz App Store: Uzyskaj dost\u0119p do App Store na swoim iPhone&#8217;ie.<\/li>\n<li>Wyszukaj &#8222;Fortune&#8221;: Wpisz &#8222;Fortune&#8221; w pasku wyszukiwania i wybierz oficjaln\u0105 aplikacj\u0119.<\/li>\n<li>Zainstaluj aplikacj\u0119: Kliknij przycisk &#8222;Zainstaluj&#8221;, a aplikacja zacznie pobiera\u0107 si\u0119 na Twojego iPhone&#8217;a.<\/li>\n<li>Uruchom &#8222;Fortune&#8221;: Po zako\u0144czeniu instalacji otw\u00f3rz aplikacj\u0119, utw\u00f3rz konto i rozpocznij swoj\u0105 podr\u00f3\u017c do sukcesu.<\/li>\n<\/ol>\n<p>Teraz &#8222;Fortune&#8221; jest zawsze z Tob\u0105, gdziekolwiek jeste\u015b, gotowa da\u0107 Ci ekscytuj\u0105ce momenty pe\u0142ne emocji.<\/p>\n<h2><strong>Pobierz na komputer<\/strong><\/h2>\n<p>Je\u015bli wolisz gra\u0107 na du\u017cym ekranie swojego komputera, &#8222;Fortune&#8221; jest dost\u0119pna do pobrania na Twoim PC. Oto jak to zrobi\u0107:<\/p>\n<ol>\n<li>Odwied\u017a Oficjaln\u0105 Stron\u0119: Przejd\u017a na oficjaln\u0105 stron\u0119 &#8222;Fortune&#8221; u\u017cywaj\u0105c swojej przegl\u0105darki internetowej.<\/li>\n<li>Wybierz sekcj\u0119 pobierania: W sekcji pobierania znajd\u017a odpowiedni\u0105 wersj\u0119 dla swojego komputera (Windows lub Mac).<\/li>\n<li>Pobierz aplikacj\u0119: Kliknij przycisk &#8222;Pobierz&#8221;, aby rozpocz\u0105\u0107 pobieranie aplikacji na sw\u00f3j komputer.<\/li>\n<li>Zainstaluj &#8222;Fortune&#8221;: Po zako\u0144czeniu pobierania uruchom plik instalacyjny i post\u0119puj zgodnie z instrukcjami wy\u015bwietlanymi na ekranie.<\/li>\n<li>Uruchom aplikacj\u0119: Po zako\u0144czeniu instalacji otw\u00f3rz &#8222;Fortune&#8221; na swoim komputerze, zaloguj si\u0119 na swoje konto i ciesz si\u0119 gr\u0105.<\/li>\n<\/ol>\n<p>Teraz masz pe\u0142ny dost\u0119p do &#8222;Fortune&#8221; na swoim komputerze, gdzie mo\u017cesz cieszy\u0107 si\u0119 gr\u0105 w wygodnym otoczeniu.<\/p>\n<p>Niezale\u017cnie od tego, czy to Android, iPhone czy komputer, &#8222;Fortune&#8221; jest gotowa da\u0107 Ci przyjemno\u015b\u0107 z przyg\u00f3d hazardowych w ka\u017cdej chwili, gdziekolwiek jeste\u015b! Pobierz aplikacj\u0119 teraz i zanurz si\u0119 w ekscytuj\u0105cym \u015bwiecie hazardu.<\/p>\n","protected":false},"excerpt":{"rendered":"<p>Pobierz na Androida Zamie\u0144 swoje urz\u0105dzenie mobilne w bram\u0119 do ekscytuj\u0105cego \u015bwiata &#8222;Fortune&#8221;! Aby rozpocz\u0105\u0107 gr\u0119 na Androidzie, post\u0119puj zgodnie z tymi prostymi krokami: Otw\u00f3rz Google Play: Uzyskaj dost\u0119p do sklepu Google&#8230;<\/p>\n","protected":false},"author":1,"featured_media":0,"parent":0,"menu_order":0,"comment_status":"closed","ping_status":"closed","template":"","meta":{"footnotes":""},"class_list":["post-13","page","type-page","status-publish","hentry"],"yoast_head":"<!-- This site is optimized with the Yoast SEO plugin v27.2 - https:\/\/yoast.com\/product\/yoast-seo-wordpress\/ -->\n<title>T\u00e9l\u00e9chargez Fortune : Votre chemin vers une exp\u00e9rience de jeu excitante<\/title>\n<meta name=\"description\" content=\"Zainstaluj Fortune na Androida, iPhone&#039;a lub komputer. Ciesz si\u0119 ekscytuj\u0105cym automatem, bonusami i du\u017cymi wygranymi. Dost\u0119pne na wszystkich platformach!\" \/>\n<meta name=\"robots\" content=\"index, follow, max-snippet:-1, max-image-preview:large, max-video-preview:-1\" \/>\n<link rel=\"canonical\" href=\"https:\/\/fortuneslots.org\/pl\/download-fortune-slot\/\" \/>\n<meta property=\"og:locale\" content=\"pl_PL\" \/>\n<meta property=\"og:locale:alternate\" content=\"ru_RU\" \/>\n<meta property=\"og:locale:alternate\" content=\"en_US\" \/>\n<meta property=\"og:locale:alternate\" content=\"pt_PT\" \/>\n<meta property=\"og:locale:alternate\" content=\"es_ES\" \/>\n<meta property=\"og:locale:alternate\" content=\"fr_FR\" \/>\n<meta property=\"og:locale:alternate\" content=\"de_DE\" \/>\n<meta property=\"og:locale:alternate\" content=\"ro_RO\" \/>\n<meta property=\"og:locale:alternate\" content=\"sr_RS\" \/>\n<meta property=\"og:locale:alternate\" content=\"bg_BG\" \/>\n<meta property=\"og:locale:alternate\" content=\"it_IT\" \/>\n<meta property=\"og:type\" content=\"article\" \/>\n<meta property=\"og:title\" content=\"T\u00e9l\u00e9chargez Fortune : Votre chemin vers une exp\u00e9rience de jeu excitante\" \/>\n<meta property=\"og:description\" content=\"Installez Fortune sur Android, iPhone ou ordinateur. Profitez de la machine \u00e0 sous passionnante, des bonus et des gros gains. Disponible sur toutes les plateformes !\" \/>\n<meta property=\"og:url\" content=\"https:\/\/fortuneslots.org\/pl\/download-fortune-slot\/\" \/>\n<meta property=\"og:site_name\" content=\"Fortune Slots\" \/>\n<meta property=\"article:modified_time\" content=\"2024-06-21T12:59:17+00:00\" \/>\n<meta name=\"twitter:card\" content=\"summary_large_image\" \/>\n<meta name=\"twitter:label1\" content=\"Szacowany czas czytania\" \/>\n\t<meta name=\"twitter:data1\" content=\"16 minut\" \/>\n<script type=\"application\/ld+json\" class=\"yoast-schema-graph\">{\"@context\":\"https:\/\/schema.org\",\"@graph\":[{\"@type\":\"WebPage\",\"@id\":\"https:\/\/fortuneslots.org\/fr\/download-fortune-slot\/\",\"url\":\"https:\/\/fortuneslots.org\/fr\/download-fortune-slot\/\",\"name\":\"T\u00e9l\u00e9chargez Fortune : Votre chemin vers une exp\u00e9rience de jeu excitante\",\"isPartOf\":{\"@id\":\"https:\/\/fortuneslots.org\/#website\"},\"datePublished\":\"2023-12-02T22:09:08+00:00\",\"dateModified\":\"2024-06-21T12:59:17+00:00\",\"description\":\"Installez Fortune sur Android, iPhone ou ordinateur. Profitez de la machine \u00e0 sous passionnante, des bonus et des gros gains. Disponible sur toutes les plateformes !\",\"breadcrumb\":{\"@id\":\"https:\/\/fortuneslots.org\/fr\/download-fortune-slot\/#breadcrumb\"},\"inLanguage\":\"pl-PL\",\"potentialAction\":[{\"@type\":\"ReadAction\",\"target\":[\"https:\/\/fortuneslots.org\/fr\/download-fortune-slot\/\"]}]},{\"@type\":\"BreadcrumbList\",\"@id\":\"https:\/\/fortuneslots.org\/fr\/download-fortune-slot\/#breadcrumb\",\"itemListElement\":[{\"@type\":\"ListItem\",\"position\":1,\"name\":\"Home\",\"item\":\"https:\/\/fortuneslots.org\/\"},{\"@type\":\"ListItem\",\"position\":2,\"name\":\"T\u00e9l\u00e9chargement du jeu \u00abFortune\u00bb : Votre guide des plateformes\"}]},{\"@type\":\"WebSite\",\"@id\":\"https:\/\/fortuneslots.org\/#website\",\"url\":\"https:\/\/fortuneslots.org\/\",\"name\":\"Fortune Slots\",\"description\":\"\",\"potentialAction\":[{\"@type\":\"SearchAction\",\"target\":{\"@type\":\"EntryPoint\",\"urlTemplate\":\"https:\/\/fortuneslots.org\/?s={search_term_string}\"},\"query-input\":{\"@type\":\"PropertyValueSpecification\",\"valueRequired\":true,\"valueName\":\"search_term_string\"}}],\"inLanguage\":\"pl-PL\"}]}<\/script>\n<!-- \/ Yoast SEO plugin. -->","yoast_head_json":{"title":"T\u00e9l\u00e9chargez Fortune : Votre chemin vers une exp\u00e9rience de jeu excitante","description":"Zainstaluj Fortune na Androida, iPhone'a lub komputer. Ciesz si\u0119 ekscytuj\u0105cym automatem, bonusami i du\u017cymi wygranymi. Dost\u0119pne na wszystkich platformach!","robots":{"index":"index","follow":"follow","max-snippet":"max-snippet:-1","max-image-preview":"max-image-preview:large","max-video-preview":"max-video-preview:-1"},"canonical":"https:\/\/fortuneslots.org\/pl\/download-fortune-slot\/","og_locale":"pl_PL","og_type":"article","og_title":"T\u00e9l\u00e9chargez Fortune : Votre chemin vers une exp\u00e9rience de jeu excitante","og_description":"Installez Fortune sur Android, iPhone ou ordinateur. Profitez de la machine \u00e0 sous passionnante, des bonus et des gros gains. Disponible sur toutes les plateformes !","og_url":"https:\/\/fortuneslots.org\/pl\/download-fortune-slot\/","og_site_name":"Fortune Slots","article_modified_time":"2024-06-21T12:59:17+00:00","twitter_card":"summary_large_image","twitter_misc":{"Szacowany czas czytania":"16 minut"},"schema":{"@context":"https:\/\/schema.org","@graph":[{"@type":"WebPage","@id":"https:\/\/fortuneslots.org\/fr\/download-fortune-slot\/","url":"https:\/\/fortuneslots.org\/fr\/download-fortune-slot\/","name":"T\u00e9l\u00e9chargez Fortune : Votre chemin vers une exp\u00e9rience de jeu excitante","isPartOf":{"@id":"https:\/\/fortuneslots.org\/#website"},"datePublished":"2023-12-02T22:09:08+00:00","dateModified":"2024-06-21T12:59:17+00:00","description":"Installez Fortune sur Android, iPhone ou ordinateur. Profitez de la machine \u00e0 sous passionnante, des bonus et des gros gains. Disponible sur toutes les plateformes !","breadcrumb":{"@id":"https:\/\/fortuneslots.org\/fr\/download-fortune-slot\/#breadcrumb"},"inLanguage":"pl-PL","potentialAction":[{"@type":"ReadAction","target":["https:\/\/fortuneslots.org\/fr\/download-fortune-slot\/"]}]},{"@type":"BreadcrumbList","@id":"https:\/\/fortuneslots.org\/fr\/download-fortune-slot\/#breadcrumb","itemListElement":[{"@type":"ListItem","position":1,"name":"Home","item":"https:\/\/fortuneslots.org\/"},{"@type":"ListItem","position":2,"name":"T\u00e9l\u00e9chargement du jeu \u00abFortune\u00bb : Votre guide des plateformes"}]},{"@type":"WebSite","@id":"https:\/\/fortuneslots.org\/#website","url":"https:\/\/fortuneslots.org\/","name":"Fortune Slots","description":"","potentialAction":[{"@type":"SearchAction","target":{"@type":"EntryPoint","urlTemplate":"https:\/\/fortuneslots.org\/?s={search_term_string}"},"query-input":{"@type":"PropertyValueSpecification","valueRequired":true,"valueName":"search_term_string"}}],"inLanguage":"pl-PL"}]}},"_links":{"self":[{"href":"https:\/\/fortuneslots.org\/pl\/wp-json\/wp\/v2\/pages\/13","targetHints":{"allow":["GET"]}}],"collection":[{"href":"https:\/\/fortuneslots.org\/pl\/wp-json\/wp\/v2\/pages"}],"about":[{"href":"https:\/\/fortuneslots.org\/pl\/wp-json\/wp\/v2\/types\/page"}],"author":[{"embeddable":true,"href":"https:\/\/fortuneslots.org\/pl\/wp-json\/wp\/v2\/users\/1"}],"replies":[{"embeddable":true,"href":"https:\/\/fortuneslots.org\/pl\/wp-json\/wp\/v2\/comments?post=13"}],"version-history":[{"count":22,"href":"https:\/\/fortuneslots.org\/pl\/wp-json\/wp\/v2\/pages\/13\/revisions"}],"predecessor-version":[{"id":154,"href":"https:\/\/fortuneslots.org\/pl\/wp-json\/wp\/v2\/pages\/13\/revisions\/154"}],"wp:attachment":[{"href":"https:\/\/fortuneslots.org\/pl\/wp-json\/wp\/v2\/media?parent=13"}],"curies":[{"name":"wp","href":"https:\/\/api.w.org\/{rel}","templated":true}]}}