{"id":9,"date":"2023-12-02T22:07:51","date_gmt":"2023-12-02T22:07:51","guid":{"rendered":"https:\/\/fortuneslots.org\/?page_id=9"},"modified":"2024-06-22T19:49:40","modified_gmt":"2024-06-22T19:49:40","slug":"fortune-strategies","status":"publish","type":"page","link":"https:\/\/fortuneslots.org\/pl\/fortune-strategies\/","title":{"rendered":"Strategie gry w \u00abFortune\u00bb: Mistrzostwo w ka\u017cdym spinie"},"content":{"rendered":"<p>Witamy na stronie strategii gry &#8222;Fortune&#8221;! W tej sekcji om\u00f3wimy kilka m\u0105drych i skutecznych strategii, kt\u00f3re pomog\u0105 Ci maksymalizowa\u0107 szanse na wygran\u0105 w tym ekscytuj\u0105cym automacie do gry. Niezale\u017cnie od tego, czy jeste\u015b pocz\u0105tkuj\u0105cym, czy do\u015bwiadczonym graczem, te strategie pomog\u0105 Ci lepiej zrozumie\u0107 mechanik\u0119 gry i uczyni\u0107 Twoje do\u015bwiadczenia bardziej ekscytuj\u0105cymi.<\/p>\n<h2><strong>1. Zarz\u0105dzanie Bankrollem<\/strong><\/h2>\n<p>Jedn\u0105 z kluczowych strategii do nauki podczas gry w &#8222;Fortune&#8221; jest zarz\u0105dzanie bankrollem. Jest to podstawowa zasada ka\u017cdej rozrywki hazardowej i wa\u017cne jest, aby stosowa\u0107 j\u0105 m\u0105drze.<\/p>\n<ul>\n<li><strong>Ustal limity:<\/strong> Okre\u015bl kwot\u0119, kt\u00f3r\u0105 jeste\u015b got\u00f3w wyda\u0107 na gr\u0119 i trzymaj si\u0119 tego limitu. Nigdy nie graj pieni\u0119dzmi, kt\u00f3rych nie mo\u017cesz sobie pozwoli\u0107 straci\u0107.<\/li>\n<li><strong>Podziel sw\u00f3j bankroll:<\/strong> Podziel sw\u00f3j bankroll na sesje gry. Na przyk\u0142ad, je\u015bli masz 100 dolar\u00f3w, mo\u017cesz podzieli\u0107 je na pi\u0119\u0107 sesji po 20 dolar\u00f3w. To pomo\u017ce Ci kontrolowa\u0107 wydatki i unikn\u0105\u0107 szybkiego wyczerpania \u015brodk\u00f3w.<\/li>\n<li><strong>Rozs\u0105dnie obstawiaj:<\/strong> Graj stawkami odpowiadaj\u0105cymi Twojemu bankrollowi. Na przyk\u0142ad, je\u015bli masz ograniczony bud\u017cet, zbyt wysokie stawki mog\u0105 szybko wyczerpa\u0107 Tw\u00f3j bankroll.<\/li>\n<\/ul>\n<h2><strong>2. Poznaj Wyp\u0142aty i Rundy Bonusowe<\/strong><\/h2>\n<p>W &#8222;Fortune&#8221; r\u00f3\u017cne symbole przynosz\u0105 r\u00f3\u017cne wyp\u0142aty, a ich zrozumienie pomo\u017ce Ci budowa\u0107 skuteczne strategie.<\/p>\n<ul>\n<li><strong>Sprawd\u017a tabel\u0119 wyp\u0142at:<\/strong> Ka\u017cdy automat do gry ma tabel\u0119 wyp\u0142at, kt\u00f3ra pokazuje wyp\u0142aty za ka\u017cd\u0105 kombinacj\u0119 symboli. Przestudiuj j\u0105 uwa\u017cnie, aby wiedzie\u0107, kt\u00f3re kombinacje s\u0105 najbardziej op\u0142acalne.<\/li>\n<li><strong>Rundy bonusowe i darmowe spiny:<\/strong> Zrozumienie warunk\u00f3w uruchamiania rund bonusowych i darmowych spin\u00f3w mo\u017ce znacznie zwi\u0119kszy\u0107 Twoje szanse na wygran\u0105. Zwracaj uwag\u0119 na specjalne symbole, kt\u00f3re aktywuj\u0105 te rundy i wykorzystuj je na swoj\u0105 korzy\u015b\u0107.<\/li>\n<\/ul>\n<h2><strong>3. R\u00f3\u017cnorodno\u015b\u0107 Zak\u0142ad\u00f3w i Strategii Spin\u00f3w<\/strong><\/h2>\n<p>R\u00f3\u017cnorodno\u015b\u0107 zak\u0142ad\u00f3w i strategii spin\u00f3w mo\u017ce doda\u0107 dynamiki i zainteresowania do Twojej gry.<\/p>\n<ul>\n<li><strong>Strategia zwi\u0119kszania\/zmniejszania zak\u0142ad\u00f3w:<\/strong> Ta strategia polega na zmianie zak\u0142ad\u00f3w po ka\u017cdym spinie. Na przyk\u0142ad, mo\u017cesz zacz\u0105\u0107 od minimalnego zak\u0142adu, a nast\u0119pnie zwi\u0119ksza\u0107 go po ka\u017cdej przegranej lub zmniejsza\u0107 po ka\u017cdej wygranej.<\/li>\n<li><strong>Strategia sta\u0142ego zak\u0142adu:<\/strong> Mo\u017cesz r\u00f3wnie\u017c wybra\u0107 strategi\u0119 sta\u0142ego zak\u0142adu, graj\u0105c z t\u0105 sam\u0105 stawk\u0105 przez ca\u0142y czas gry. Pozwala to na bardziej stabilne zarz\u0105dzanie swoim bankrollem.<\/li>\n<\/ul>\n<p>Pami\u0119taj, \u017ce &#8222;Fortune&#8221; to gra losowa i nie ma gwarantowanych strategii wygranej. Jednak stosowanie rozs\u0105dnych strategii mo\u017ce uczyni\u0107 Twoje do\u015bwiadczenia bardziej ekscytuj\u0105cymi i zwi\u0119kszy\u0107 szanse na d\u0142ugoterminowy sukces. Graj odpowiedzialnie, ciesz si\u0119 procesem i niech szcz\u0119\u015bcie zawsze b\u0119dzie po Twojej stronie!<\/p>\n","protected":false},"excerpt":{"rendered":"<p>Witamy na stronie strategii gry &#8222;Fortune&#8221;! W tej sekcji om\u00f3wimy kilka m\u0105drych i skutecznych strategii, kt\u00f3re pomog\u0105 Ci maksymalizowa\u0107 szanse na wygran\u0105 w tym ekscytuj\u0105cym automacie do gry. Niezale\u017cnie od tego, czy&#8230;<\/p>\n","protected":false},"author":1,"featured_media":0,"parent":0,"menu_order":0,"comment_status":"closed","ping_status":"closed","template":"","meta":{"footnotes":""},"class_list":["post-9","page","type-page","status-publish","hentry"],"yoast_head":"<!-- This site is optimized with the Yoast SEO plugin v27.2 - https:\/\/yoast.com\/product\/yoast-seo-wordpress\/ -->\n<title>\u0421\u0442\u0440\u0430\u0442\u0435\u0433\u0438\u0438 \u0438\u0433\u0440\u044b \u0432 Fortune: \u043a\u0430\u043a \u0443\u0432\u0435\u043b\u0438\u0447\u0438\u0442\u044c \u0412\u0430\u0448\u0438 \u0448\u0430\u043d\u0441\u044b \u043d\u0430 \u0432\u044b\u0438\u0433\u0440\u044b\u0448<\/title>\n<meta name=\"description\" content=\"Odkryj skuteczne strategie w grze Fortuna. Dowiedz si\u0119, jak maksymalizowa\u0107 wygrane i poprawi\u0107 swoje do\u015bwiadczenia z hazardem. Graj m\u0105drze i wygrywaj wi\u0119cej!\" \/>\n<meta name=\"robots\" content=\"index, follow, max-snippet:-1, max-image-preview:large, max-video-preview:-1\" \/>\n<link rel=\"canonical\" href=\"https:\/\/fortuneslots.org\/pl\/fortune-strategies\/\" \/>\n<meta property=\"og:locale\" content=\"pl_PL\" \/>\n<meta property=\"og:locale:alternate\" content=\"ru_RU\" \/>\n<meta property=\"og:locale:alternate\" content=\"en_US\" \/>\n<meta property=\"og:locale:alternate\" content=\"pt_PT\" \/>\n<meta property=\"og:locale:alternate\" content=\"es_ES\" \/>\n<meta property=\"og:locale:alternate\" content=\"fr_FR\" \/>\n<meta property=\"og:locale:alternate\" content=\"de_DE\" \/>\n<meta property=\"og:locale:alternate\" content=\"ro_RO\" \/>\n<meta property=\"og:locale:alternate\" content=\"sr_RS\" \/>\n<meta property=\"og:locale:alternate\" content=\"bg_BG\" \/>\n<meta property=\"og:locale:alternate\" content=\"it_IT\" \/>\n<meta property=\"og:type\" content=\"article\" \/>\n<meta property=\"og:title\" content=\"\u0421\u0442\u0440\u0430\u0442\u0435\u0433\u0438\u0438 \u0438\u0433\u0440\u044b \u0432 Fortune: \u043a\u0430\u043a \u0443\u0432\u0435\u043b\u0438\u0447\u0438\u0442\u044c \u0412\u0430\u0448\u0438 \u0448\u0430\u043d\u0441\u044b \u043d\u0430 \u0432\u044b\u0438\u0433\u0440\u044b\u0448\" \/>\n<meta property=\"og:description\" content=\"\u041e\u0442\u043a\u0440\u043e\u0439\u0442\u0435 \u0434\u043b\u044f \u0441\u0435\u0431\u044f \u044d\u0444\u0444\u0435\u043a\u0442\u0438\u0432\u043d\u044b\u0435 \u0441\u0442\u0440\u0430\u0442\u0435\u0433\u0438\u0438 \u0432 Fortune. \u041f\u043e\u043b\u0443\u0447\u0438\u0442\u0435 \u0441\u043e\u0432\u0435\u0442\u044b \u043f\u043e \u043c\u0430\u043a\u0441\u0438\u043c\u0438\u0437\u0430\u0446\u0438\u0438 \u0432\u044b\u0438\u0433\u0440\u044b\u0448\u0435\u0439 \u0438 \u0443\u043b\u0443\u0447\u0448\u0438\u0442\u0435 \u0441\u0432\u043e\u0439 \u0430\u0437\u0430\u0440\u0442\u043d\u044b\u0439 \u043e\u043f\u044b\u0442. \u0418\u0433\u0440\u0430\u0439\u0442\u0435 \u0443\u043c\u043d\u043e \u0438 \u0432\u044b\u0438\u0433\u0440\u044b\u0432\u0430\u0439\u0442\u0435 \u0431\u043e\u043b\u044c\u0448\u0435!\" \/>\n<meta property=\"og:url\" content=\"https:\/\/fortuneslots.org\/pl\/fortune-strategies\/\" \/>\n<meta property=\"og:site_name\" content=\"Fortune Slots\" \/>\n<meta property=\"article:modified_time\" content=\"2024-06-22T19:49:40+00:00\" \/>\n<meta name=\"twitter:card\" content=\"summary_large_image\" \/>\n<meta name=\"twitter:label1\" content=\"Szacowany czas czytania\" \/>\n\t<meta name=\"twitter:data1\" content=\"18 minut\" \/>\n<script type=\"application\/ld+json\" class=\"yoast-schema-graph\">{\"@context\":\"https:\/\/schema.org\",\"@graph\":[{\"@type\":\"WebPage\",\"@id\":\"https:\/\/fortuneslots.org\/fortune-strategies\/\",\"url\":\"https:\/\/fortuneslots.org\/fortune-strategies\/\",\"name\":\"\u0421\u0442\u0440\u0430\u0442\u0435\u0433\u0438\u0438 \u0438\u0433\u0440\u044b \u0432 Fortune: \u043a\u0430\u043a \u0443\u0432\u0435\u043b\u0438\u0447\u0438\u0442\u044c \u0412\u0430\u0448\u0438 \u0448\u0430\u043d\u0441\u044b \u043d\u0430 \u0432\u044b\u0438\u0433\u0440\u044b\u0448\",\"isPartOf\":{\"@id\":\"https:\/\/fortuneslots.org\/#website\"},\"datePublished\":\"2023-12-02T22:07:51+00:00\",\"dateModified\":\"2024-06-22T19:49:40+00:00\",\"description\":\"\u041e\u0442\u043a\u0440\u043e\u0439\u0442\u0435 \u0434\u043b\u044f \u0441\u0435\u0431\u044f \u044d\u0444\u0444\u0435\u043a\u0442\u0438\u0432\u043d\u044b\u0435 \u0441\u0442\u0440\u0430\u0442\u0435\u0433\u0438\u0438 \u0432 Fortune. \u041f\u043e\u043b\u0443\u0447\u0438\u0442\u0435 \u0441\u043e\u0432\u0435\u0442\u044b \u043f\u043e \u043c\u0430\u043a\u0441\u0438\u043c\u0438\u0437\u0430\u0446\u0438\u0438 \u0432\u044b\u0438\u0433\u0440\u044b\u0448\u0435\u0439 \u0438 \u0443\u043b\u0443\u0447\u0448\u0438\u0442\u0435 \u0441\u0432\u043e\u0439 \u0430\u0437\u0430\u0440\u0442\u043d\u044b\u0439 \u043e\u043f\u044b\u0442. \u0418\u0433\u0440\u0430\u0439\u0442\u0435 \u0443\u043c\u043d\u043e \u0438 \u0432\u044b\u0438\u0433\u0440\u044b\u0432\u0430\u0439\u0442\u0435 \u0431\u043e\u043b\u044c\u0448\u0435!\",\"breadcrumb\":{\"@id\":\"https:\/\/fortuneslots.org\/fortune-strategies\/#breadcrumb\"},\"inLanguage\":\"pl-PL\",\"potentialAction\":[{\"@type\":\"ReadAction\",\"target\":[\"https:\/\/fortuneslots.org\/fortune-strategies\/\"]}]},{\"@type\":\"BreadcrumbList\",\"@id\":\"https:\/\/fortuneslots.org\/fortune-strategies\/#breadcrumb\",\"itemListElement\":[{\"@type\":\"ListItem\",\"position\":1,\"name\":\"Home\",\"item\":\"https:\/\/fortuneslots.org\/\"},{\"@type\":\"ListItem\",\"position\":2,\"name\":\"\u0421\u0442\u0440\u0430\u0442\u0435\u0433\u0438\u0438 \u0438\u0433\u0440\u044b \u0432 &#171;Fortune&#187;: \u043c\u0430\u0441\u0442\u0435\u0440\u0441\u0442\u0432\u043e \u0432 \u043a\u0430\u0436\u0434\u043e\u043c \u0441\u043f\u0438\u043d\u0435\"}]},{\"@type\":\"WebSite\",\"@id\":\"https:\/\/fortuneslots.org\/#website\",\"url\":\"https:\/\/fortuneslots.org\/\",\"name\":\"Fortune Slots\",\"description\":\"\",\"potentialAction\":[{\"@type\":\"SearchAction\",\"target\":{\"@type\":\"EntryPoint\",\"urlTemplate\":\"https:\/\/fortuneslots.org\/?s={search_term_string}\"},\"query-input\":{\"@type\":\"PropertyValueSpecification\",\"valueRequired\":true,\"valueName\":\"search_term_string\"}}],\"inLanguage\":\"pl-PL\"}]}<\/script>\n<!-- \/ Yoast SEO plugin. -->","yoast_head_json":{"title":"\u0421\u0442\u0440\u0430\u0442\u0435\u0433\u0438\u0438 \u0438\u0433\u0440\u044b \u0432 Fortune: \u043a\u0430\u043a \u0443\u0432\u0435\u043b\u0438\u0447\u0438\u0442\u044c \u0412\u0430\u0448\u0438 \u0448\u0430\u043d\u0441\u044b \u043d\u0430 \u0432\u044b\u0438\u0433\u0440\u044b\u0448","description":"Odkryj skuteczne strategie w grze Fortuna. Dowiedz si\u0119, jak maksymalizowa\u0107 wygrane i poprawi\u0107 swoje do\u015bwiadczenia z hazardem. Graj m\u0105drze i wygrywaj wi\u0119cej!","robots":{"index":"index","follow":"follow","max-snippet":"max-snippet:-1","max-image-preview":"max-image-preview:large","max-video-preview":"max-video-preview:-1"},"canonical":"https:\/\/fortuneslots.org\/pl\/fortune-strategies\/","og_locale":"pl_PL","og_type":"article","og_title":"\u0421\u0442\u0440\u0430\u0442\u0435\u0433\u0438\u0438 \u0438\u0433\u0440\u044b \u0432 Fortune: \u043a\u0430\u043a \u0443\u0432\u0435\u043b\u0438\u0447\u0438\u0442\u044c \u0412\u0430\u0448\u0438 \u0448\u0430\u043d\u0441\u044b \u043d\u0430 \u0432\u044b\u0438\u0433\u0440\u044b\u0448","og_description":"\u041e\u0442\u043a\u0440\u043e\u0439\u0442\u0435 \u0434\u043b\u044f \u0441\u0435\u0431\u044f \u044d\u0444\u0444\u0435\u043a\u0442\u0438\u0432\u043d\u044b\u0435 \u0441\u0442\u0440\u0430\u0442\u0435\u0433\u0438\u0438 \u0432 Fortune. \u041f\u043e\u043b\u0443\u0447\u0438\u0442\u0435 \u0441\u043e\u0432\u0435\u0442\u044b \u043f\u043e \u043c\u0430\u043a\u0441\u0438\u043c\u0438\u0437\u0430\u0446\u0438\u0438 \u0432\u044b\u0438\u0433\u0440\u044b\u0448\u0435\u0439 \u0438 \u0443\u043b\u0443\u0447\u0448\u0438\u0442\u0435 \u0441\u0432\u043e\u0439 \u0430\u0437\u0430\u0440\u0442\u043d\u044b\u0439 \u043e\u043f\u044b\u0442. \u0418\u0433\u0440\u0430\u0439\u0442\u0435 \u0443\u043c\u043d\u043e \u0438 \u0432\u044b\u0438\u0433\u0440\u044b\u0432\u0430\u0439\u0442\u0435 \u0431\u043e\u043b\u044c\u0448\u0435!","og_url":"https:\/\/fortuneslots.org\/pl\/fortune-strategies\/","og_site_name":"Fortune Slots","article_modified_time":"2024-06-22T19:49:40+00:00","twitter_card":"summary_large_image","twitter_misc":{"Szacowany czas czytania":"18 minut"},"schema":{"@context":"https:\/\/schema.org","@graph":[{"@type":"WebPage","@id":"https:\/\/fortuneslots.org\/fortune-strategies\/","url":"https:\/\/fortuneslots.org\/fortune-strategies\/","name":"\u0421\u0442\u0440\u0430\u0442\u0435\u0433\u0438\u0438 \u0438\u0433\u0440\u044b \u0432 Fortune: \u043a\u0430\u043a \u0443\u0432\u0435\u043b\u0438\u0447\u0438\u0442\u044c \u0412\u0430\u0448\u0438 \u0448\u0430\u043d\u0441\u044b \u043d\u0430 \u0432\u044b\u0438\u0433\u0440\u044b\u0448","isPartOf":{"@id":"https:\/\/fortuneslots.org\/#website"},"datePublished":"2023-12-02T22:07:51+00:00","dateModified":"2024-06-22T19:49:40+00:00","description":"\u041e\u0442\u043a\u0440\u043e\u0439\u0442\u0435 \u0434\u043b\u044f \u0441\u0435\u0431\u044f \u044d\u0444\u0444\u0435\u043a\u0442\u0438\u0432\u043d\u044b\u0435 \u0441\u0442\u0440\u0430\u0442\u0435\u0433\u0438\u0438 \u0432 Fortune. \u041f\u043e\u043b\u0443\u0447\u0438\u0442\u0435 \u0441\u043e\u0432\u0435\u0442\u044b \u043f\u043e \u043c\u0430\u043a\u0441\u0438\u043c\u0438\u0437\u0430\u0446\u0438\u0438 \u0432\u044b\u0438\u0433\u0440\u044b\u0448\u0435\u0439 \u0438 \u0443\u043b\u0443\u0447\u0448\u0438\u0442\u0435 \u0441\u0432\u043e\u0439 \u0430\u0437\u0430\u0440\u0442\u043d\u044b\u0439 \u043e\u043f\u044b\u0442. \u0418\u0433\u0440\u0430\u0439\u0442\u0435 \u0443\u043c\u043d\u043e \u0438 \u0432\u044b\u0438\u0433\u0440\u044b\u0432\u0430\u0439\u0442\u0435 \u0431\u043e\u043b\u044c\u0448\u0435!","breadcrumb":{"@id":"https:\/\/fortuneslots.org\/fortune-strategies\/#breadcrumb"},"inLanguage":"pl-PL","potentialAction":[{"@type":"ReadAction","target":["https:\/\/fortuneslots.org\/fortune-strategies\/"]}]},{"@type":"BreadcrumbList","@id":"https:\/\/fortuneslots.org\/fortune-strategies\/#breadcrumb","itemListElement":[{"@type":"ListItem","position":1,"name":"Home","item":"https:\/\/fortuneslots.org\/"},{"@type":"ListItem","position":2,"name":"\u0421\u0442\u0440\u0430\u0442\u0435\u0433\u0438\u0438 \u0438\u0433\u0440\u044b \u0432 &#171;Fortune&#187;: \u043c\u0430\u0441\u0442\u0435\u0440\u0441\u0442\u0432\u043e \u0432 \u043a\u0430\u0436\u0434\u043e\u043c \u0441\u043f\u0438\u043d\u0435"}]},{"@type":"WebSite","@id":"https:\/\/fortuneslots.org\/#website","url":"https:\/\/fortuneslots.org\/","name":"Fortune Slots","description":"","potentialAction":[{"@type":"SearchAction","target":{"@type":"EntryPoint","urlTemplate":"https:\/\/fortuneslots.org\/?s={search_term_string}"},"query-input":{"@type":"PropertyValueSpecification","valueRequired":true,"valueName":"search_term_string"}}],"inLanguage":"pl-PL"}]}},"_links":{"self":[{"href":"https:\/\/fortuneslots.org\/pl\/wp-json\/wp\/v2\/pages\/9","targetHints":{"allow":["GET"]}}],"collection":[{"href":"https:\/\/fortuneslots.org\/pl\/wp-json\/wp\/v2\/pages"}],"about":[{"href":"https:\/\/fortuneslots.org\/pl\/wp-json\/wp\/v2\/types\/page"}],"author":[{"embeddable":true,"href":"https:\/\/fortuneslots.org\/pl\/wp-json\/wp\/v2\/users\/1"}],"replies":[{"embeddable":true,"href":"https:\/\/fortuneslots.org\/pl\/wp-json\/wp\/v2\/comments?post=9"}],"version-history":[{"count":23,"href":"https:\/\/fortuneslots.org\/pl\/wp-json\/wp\/v2\/pages\/9\/revisions"}],"predecessor-version":[{"id":158,"href":"https:\/\/fortuneslots.org\/pl\/wp-json\/wp\/v2\/pages\/9\/revisions\/158"}],"wp:attachment":[{"href":"https:\/\/fortuneslots.org\/pl\/wp-json\/wp\/v2\/media?parent=9"}],"curies":[{"name":"wp","href":"https:\/\/api.w.org\/{rel}","templated":true}]}}