{"id":17,"date":"2023-12-02T22:10:24","date_gmt":"2023-12-02T22:10:24","guid":{"rendered":"https:\/\/fortuneslots.org\/?page_id=17"},"modified":"2024-06-22T19:41:29","modified_gmt":"2024-06-22T19:41:29","slug":"about-us","status":"publish","type":"page","link":"https:\/\/fortuneslots.org\/pt\/about-us\/","title":{"rendered":"Sobre n\u00f3s"},"content":{"rendered":"<p>Bem-vindo \u00e0 p\u00e1gina &#8220;Sobre N\u00f3s&#8221; &#8211; o lugar onde voc\u00ea aprender\u00e1 mais sobre nossa paix\u00e3o pelo entretenimento de jogos de azar e como tornamos sua experi\u00eancia de jogo em &#8220;Fortune&#8221; inesquec\u00edvel.<\/p>\n<p><strong>Nossa Miss\u00e3o:<\/strong> Criamos este recurso para compartilhar nossa excita\u00e7\u00e3o sobre jogar &#8220;Fortune&#8221; com voc\u00ea. Nosso objetivo \u00e9 fornecer informa\u00e7\u00f5es \u00fateis, mergulh\u00e1-lo no mundo cativante deste slot e tornar sua experi\u00eancia de jogo mais satisfat\u00f3ria.<\/p>\n<p><strong>O Que Fazemos:<\/strong> Nosso objetivo \u00e9 ser seu guia confi\u00e1vel no mundo de &#8220;Fortune&#8221;. Fornecemos an\u00e1lises, estrat\u00e9gias, dicas de jogo e as \u00faltimas not\u00edcias sobre este emocionante slot. Nossos artigos s\u00e3o projetados para tornar sua introdu\u00e7\u00e3o ao &#8220;Fortune&#8221; n\u00e3o apenas emocionante, mas tamb\u00e9m bem-sucedida.<\/p>\n<p><strong>Por Que &#8220;Fortune&#8221;?<\/strong> &#8220;Fortune&#8221; n\u00e3o \u00e9 apenas um slot; \u00e9 um mundo inteiro de possibilidades e momentos emocionantes. Acreditamos que todo jogador merece informa\u00e7\u00f5es de qualidade sobre seu jogo favorito, por isso prestamos aten\u00e7\u00e3o especial ao &#8220;Fortune&#8221;.<\/p>\n<p><strong>Nossa Abordagem:<\/strong> Acreditamos que dois aspectos s\u00e3o importantes no entretenimento de jogos de azar: divers\u00e3o e responsabilidade. Portanto, nossa abordagem para fornecer informa\u00e7\u00f5es inclui o apoio a um ambiente de jogo seguro e divertido. Incentivamos o comportamento respons\u00e1vel no jogo e fornecemos recursos para jogadores enfrentando problemas de depend\u00eancia de jogos de azar.<\/p>\n<p><strong>Quem Somos:<\/strong> Somos uma equipe de entusiastas do jogo que compartilham o amor pelo &#8220;Fortune&#8221;. Nossa experi\u00eancia e paix\u00e3o por este jogo nos permitem fornecer as informa\u00e7\u00f5es mais relevantes e interessantes para voc\u00ea.<\/p>\n<p><strong>Entre em Contato:<\/strong> Se voc\u00ea tiver alguma d\u00favida, sugest\u00e3o ou apenas quiser compartilhar sua experi\u00eancia com &#8220;Fortune&#8221;, sinta-se \u00e0 vontade para entrar em contato conosco. Estamos prontos para comunicar e compartilhar a emo\u00e7\u00e3o com voc\u00ea.<\/p>\n<p>Obrigado por nos escolher como seu parceiro no mundo de &#8220;Fortune&#8221;. Jogue com prazer e que a sorte esteja sempre ao seu lado!<\/p>\n","protected":false},"excerpt":{"rendered":"<p>Bem-vindo \u00e0 p\u00e1gina &#8220;Sobre N\u00f3s&#8221; &#8211; o lugar onde voc\u00ea aprender\u00e1 mais sobre nossa paix\u00e3o pelo entretenimento de jogos de azar e como tornamos sua experi\u00eancia de jogo em &#8220;Fortune&#8221; inesquec\u00edvel. Nossa&#8230;<\/p>\n","protected":false},"author":1,"featured_media":0,"parent":0,"menu_order":0,"comment_status":"closed","ping_status":"closed","template":"","meta":{"footnotes":""},"class_list":["post-17","page","type-page","status-publish","hentry"],"yoast_head":"<!-- This site is optimized with the Yoast SEO plugin v27.2 - https:\/\/yoast.com\/product\/yoast-seo-wordpress\/ -->\n<title>\u041e \u043d\u0430\u0441: \u043f\u0443\u0442\u0435\u0432\u043e\u0434\u0438\u0442\u0435\u043b\u044c \u0432 \u043c\u0438\u0440\u0435 \u0430\u0437\u0430\u0440\u0442\u043d\u044b\u0445 \u0440\u0430\u0437\u0432\u043b\u0435\u0447\u0435\u043d\u0438\u0439 \u0438 \u0438\u0433\u0440\u044b Fortune<\/title>\n<meta name=\"description\" content=\"Saiba sobre nossa paix\u00e3o pelo entretenimento de jogos de azar, apoie jogando Fortune. Mantenha-se atualizado sobre as \u00faltimas not\u00edcias e estrat\u00e9gias. Divirta-se e jogue com responsabilidade!\" \/>\n<meta name=\"robots\" content=\"index, follow, max-snippet:-1, max-image-preview:large, max-video-preview:-1\" \/>\n<link rel=\"canonical\" href=\"https:\/\/fortuneslots.org\/pt\/about-us\/\" \/>\n<meta property=\"og:locale\" content=\"pt_PT\" \/>\n<meta property=\"og:locale:alternate\" content=\"ru_RU\" \/>\n<meta property=\"og:locale:alternate\" content=\"en_US\" \/>\n<meta property=\"og:locale:alternate\" content=\"es_ES\" \/>\n<meta property=\"og:locale:alternate\" content=\"fr_FR\" \/>\n<meta property=\"og:locale:alternate\" content=\"de_DE\" \/>\n<meta property=\"og:locale:alternate\" content=\"ro_RO\" \/>\n<meta property=\"og:locale:alternate\" content=\"sr_RS\" \/>\n<meta property=\"og:locale:alternate\" content=\"bg_BG\" \/>\n<meta property=\"og:locale:alternate\" content=\"pl_PL\" \/>\n<meta property=\"og:locale:alternate\" content=\"it_IT\" \/>\n<meta property=\"og:type\" content=\"article\" \/>\n<meta property=\"og:title\" content=\"\u041e \u043d\u0430\u0441: \u043f\u0443\u0442\u0435\u0432\u043e\u0434\u0438\u0442\u0435\u043b\u044c \u0432 \u043c\u0438\u0440\u0435 \u0430\u0437\u0430\u0440\u0442\u043d\u044b\u0445 \u0440\u0430\u0437\u0432\u043b\u0435\u0447\u0435\u043d\u0438\u0439 \u0438 \u0438\u0433\u0440\u044b Fortune\" \/>\n<meta property=\"og:description\" content=\"\u0423\u0437\u043d\u0430\u0439\u0442\u0435 \u043e \u043d\u0430\u0448\u0435\u0439 \u0441\u0442\u0440\u0430\u0441\u0442\u0438 \u043a \u0430\u0437\u0430\u0440\u0442\u043d\u044b\u043c \u0440\u0430\u0437\u0432\u043b\u0435\u0447\u0435\u043d\u0438\u044f\u043c, \u043e\u043a\u0430\u0437\u044b\u0432\u0430\u0439\u0442\u0435 \u043f\u043e\u0434\u0434\u0435\u0440\u0436\u043a\u0443 \u0432 \u0438\u0433\u0440\u0435 \u0432 Fortune. \u0411\u0443\u0434\u044c\u0442\u0435 \u0432 \u043a\u0443\u0440\u0441\u0435 \u043f\u043e\u0441\u043b\u0435\u0434\u043d\u0438\u0445 \u043d\u043e\u0432\u043e\u0441\u0442\u0435\u0439 \u0438 \u0441\u0442\u0440\u0430\u0442\u0435\u0433\u0438\u0439. \u0412\u0435\u0441\u0435\u043b\u043e \u0438 \u043e\u0442\u0432\u0435\u0442\u0441\u0442\u0432\u0435\u043d\u043d\u043e!\" \/>\n<meta property=\"og:url\" content=\"https:\/\/fortuneslots.org\/pt\/about-us\/\" \/>\n<meta property=\"og:site_name\" content=\"Fortune Slots\" \/>\n<meta property=\"article:modified_time\" content=\"2024-06-22T19:41:29+00:00\" \/>\n<meta name=\"twitter:card\" content=\"summary_large_image\" \/>\n<meta name=\"twitter:label1\" content=\"Tempo estimado de leitura\" \/>\n\t<meta name=\"twitter:data1\" content=\"13 minutos\" \/>\n<script type=\"application\/ld+json\" class=\"yoast-schema-graph\">{\"@context\":\"https:\/\/schema.org\",\"@graph\":[{\"@type\":\"WebPage\",\"@id\":\"https:\/\/fortuneslots.org\/about-us\/\",\"url\":\"https:\/\/fortuneslots.org\/about-us\/\",\"name\":\"\u041e \u043d\u0430\u0441: \u043f\u0443\u0442\u0435\u0432\u043e\u0434\u0438\u0442\u0435\u043b\u044c \u0432 \u043c\u0438\u0440\u0435 \u0430\u0437\u0430\u0440\u0442\u043d\u044b\u0445 \u0440\u0430\u0437\u0432\u043b\u0435\u0447\u0435\u043d\u0438\u0439 \u0438 \u0438\u0433\u0440\u044b Fortune\",\"isPartOf\":{\"@id\":\"https:\/\/fortuneslots.org\/#website\"},\"datePublished\":\"2023-12-02T22:10:24+00:00\",\"dateModified\":\"2024-06-22T19:41:29+00:00\",\"description\":\"\u0423\u0437\u043d\u0430\u0439\u0442\u0435 \u043e \u043d\u0430\u0448\u0435\u0439 \u0441\u0442\u0440\u0430\u0441\u0442\u0438 \u043a \u0430\u0437\u0430\u0440\u0442\u043d\u044b\u043c \u0440\u0430\u0437\u0432\u043b\u0435\u0447\u0435\u043d\u0438\u044f\u043c, \u043e\u043a\u0430\u0437\u044b\u0432\u0430\u0439\u0442\u0435 \u043f\u043e\u0434\u0434\u0435\u0440\u0436\u043a\u0443 \u0432 \u0438\u0433\u0440\u0435 \u0432 Fortune. \u0411\u0443\u0434\u044c\u0442\u0435 \u0432 \u043a\u0443\u0440\u0441\u0435 \u043f\u043e\u0441\u043b\u0435\u0434\u043d\u0438\u0445 \u043d\u043e\u0432\u043e\u0441\u0442\u0435\u0439 \u0438 \u0441\u0442\u0440\u0430\u0442\u0435\u0433\u0438\u0439. \u0412\u0435\u0441\u0435\u043b\u043e \u0438 \u043e\u0442\u0432\u0435\u0442\u0441\u0442\u0432\u0435\u043d\u043d\u043e!\",\"breadcrumb\":{\"@id\":\"https:\/\/fortuneslots.org\/about-us\/#breadcrumb\"},\"inLanguage\":\"pt-PT\",\"potentialAction\":[{\"@type\":\"ReadAction\",\"target\":[\"https:\/\/fortuneslots.org\/about-us\/\"]}]},{\"@type\":\"BreadcrumbList\",\"@id\":\"https:\/\/fortuneslots.org\/about-us\/#breadcrumb\",\"itemListElement\":[{\"@type\":\"ListItem\",\"position\":1,\"name\":\"Home\",\"item\":\"https:\/\/fortuneslots.org\/\"},{\"@type\":\"ListItem\",\"position\":2,\"name\":\"\u041e \u043d\u0430\u0441\"}]},{\"@type\":\"WebSite\",\"@id\":\"https:\/\/fortuneslots.org\/#website\",\"url\":\"https:\/\/fortuneslots.org\/\",\"name\":\"Fortune Slots\",\"description\":\"\",\"potentialAction\":[{\"@type\":\"SearchAction\",\"target\":{\"@type\":\"EntryPoint\",\"urlTemplate\":\"https:\/\/fortuneslots.org\/?s={search_term_string}\"},\"query-input\":{\"@type\":\"PropertyValueSpecification\",\"valueRequired\":true,\"valueName\":\"search_term_string\"}}],\"inLanguage\":\"pt-PT\"}]}<\/script>\n<!-- \/ Yoast SEO plugin. -->","yoast_head_json":{"title":"\u041e \u043d\u0430\u0441: \u043f\u0443\u0442\u0435\u0432\u043e\u0434\u0438\u0442\u0435\u043b\u044c \u0432 \u043c\u0438\u0440\u0435 \u0430\u0437\u0430\u0440\u0442\u043d\u044b\u0445 \u0440\u0430\u0437\u0432\u043b\u0435\u0447\u0435\u043d\u0438\u0439 \u0438 \u0438\u0433\u0440\u044b Fortune","description":"Saiba sobre nossa paix\u00e3o pelo entretenimento de jogos de azar, apoie jogando Fortune. Mantenha-se atualizado sobre as \u00faltimas not\u00edcias e estrat\u00e9gias. Divirta-se e jogue com responsabilidade!","robots":{"index":"index","follow":"follow","max-snippet":"max-snippet:-1","max-image-preview":"max-image-preview:large","max-video-preview":"max-video-preview:-1"},"canonical":"https:\/\/fortuneslots.org\/pt\/about-us\/","og_locale":"pt_PT","og_type":"article","og_title":"\u041e \u043d\u0430\u0441: \u043f\u0443\u0442\u0435\u0432\u043e\u0434\u0438\u0442\u0435\u043b\u044c \u0432 \u043c\u0438\u0440\u0435 \u0430\u0437\u0430\u0440\u0442\u043d\u044b\u0445 \u0440\u0430\u0437\u0432\u043b\u0435\u0447\u0435\u043d\u0438\u0439 \u0438 \u0438\u0433\u0440\u044b Fortune","og_description":"\u0423\u0437\u043d\u0430\u0439\u0442\u0435 \u043e \u043d\u0430\u0448\u0435\u0439 \u0441\u0442\u0440\u0430\u0441\u0442\u0438 \u043a \u0430\u0437\u0430\u0440\u0442\u043d\u044b\u043c \u0440\u0430\u0437\u0432\u043b\u0435\u0447\u0435\u043d\u0438\u044f\u043c, \u043e\u043a\u0430\u0437\u044b\u0432\u0430\u0439\u0442\u0435 \u043f\u043e\u0434\u0434\u0435\u0440\u0436\u043a\u0443 \u0432 \u0438\u0433\u0440\u0435 \u0432 Fortune. \u0411\u0443\u0434\u044c\u0442\u0435 \u0432 \u043a\u0443\u0440\u0441\u0435 \u043f\u043e\u0441\u043b\u0435\u0434\u043d\u0438\u0445 \u043d\u043e\u0432\u043e\u0441\u0442\u0435\u0439 \u0438 \u0441\u0442\u0440\u0430\u0442\u0435\u0433\u0438\u0439. \u0412\u0435\u0441\u0435\u043b\u043e \u0438 \u043e\u0442\u0432\u0435\u0442\u0441\u0442\u0432\u0435\u043d\u043d\u043e!","og_url":"https:\/\/fortuneslots.org\/pt\/about-us\/","og_site_name":"Fortune Slots","article_modified_time":"2024-06-22T19:41:29+00:00","twitter_card":"summary_large_image","twitter_misc":{"Tempo estimado de leitura":"13 minutos"},"schema":{"@context":"https:\/\/schema.org","@graph":[{"@type":"WebPage","@id":"https:\/\/fortuneslots.org\/about-us\/","url":"https:\/\/fortuneslots.org\/about-us\/","name":"\u041e \u043d\u0430\u0441: \u043f\u0443\u0442\u0435\u0432\u043e\u0434\u0438\u0442\u0435\u043b\u044c \u0432 \u043c\u0438\u0440\u0435 \u0430\u0437\u0430\u0440\u0442\u043d\u044b\u0445 \u0440\u0430\u0437\u0432\u043b\u0435\u0447\u0435\u043d\u0438\u0439 \u0438 \u0438\u0433\u0440\u044b Fortune","isPartOf":{"@id":"https:\/\/fortuneslots.org\/#website"},"datePublished":"2023-12-02T22:10:24+00:00","dateModified":"2024-06-22T19:41:29+00:00","description":"\u0423\u0437\u043d\u0430\u0439\u0442\u0435 \u043e \u043d\u0430\u0448\u0435\u0439 \u0441\u0442\u0440\u0430\u0441\u0442\u0438 \u043a \u0430\u0437\u0430\u0440\u0442\u043d\u044b\u043c \u0440\u0430\u0437\u0432\u043b\u0435\u0447\u0435\u043d\u0438\u044f\u043c, \u043e\u043a\u0430\u0437\u044b\u0432\u0430\u0439\u0442\u0435 \u043f\u043e\u0434\u0434\u0435\u0440\u0436\u043a\u0443 \u0432 \u0438\u0433\u0440\u0435 \u0432 Fortune. \u0411\u0443\u0434\u044c\u0442\u0435 \u0432 \u043a\u0443\u0440\u0441\u0435 \u043f\u043e\u0441\u043b\u0435\u0434\u043d\u0438\u0445 \u043d\u043e\u0432\u043e\u0441\u0442\u0435\u0439 \u0438 \u0441\u0442\u0440\u0430\u0442\u0435\u0433\u0438\u0439. \u0412\u0435\u0441\u0435\u043b\u043e \u0438 \u043e\u0442\u0432\u0435\u0442\u0441\u0442\u0432\u0435\u043d\u043d\u043e!","breadcrumb":{"@id":"https:\/\/fortuneslots.org\/about-us\/#breadcrumb"},"inLanguage":"pt-PT","potentialAction":[{"@type":"ReadAction","target":["https:\/\/fortuneslots.org\/about-us\/"]}]},{"@type":"BreadcrumbList","@id":"https:\/\/fortuneslots.org\/about-us\/#breadcrumb","itemListElement":[{"@type":"ListItem","position":1,"name":"Home","item":"https:\/\/fortuneslots.org\/"},{"@type":"ListItem","position":2,"name":"\u041e \u043d\u0430\u0441"}]},{"@type":"WebSite","@id":"https:\/\/fortuneslots.org\/#website","url":"https:\/\/fortuneslots.org\/","name":"Fortune Slots","description":"","potentialAction":[{"@type":"SearchAction","target":{"@type":"EntryPoint","urlTemplate":"https:\/\/fortuneslots.org\/?s={search_term_string}"},"query-input":{"@type":"PropertyValueSpecification","valueRequired":true,"valueName":"search_term_string"}}],"inLanguage":"pt-PT"}]}},"_links":{"self":[{"href":"https:\/\/fortuneslots.org\/pt\/wp-json\/wp\/v2\/pages\/17","targetHints":{"allow":["GET"]}}],"collection":[{"href":"https:\/\/fortuneslots.org\/pt\/wp-json\/wp\/v2\/pages"}],"about":[{"href":"https:\/\/fortuneslots.org\/pt\/wp-json\/wp\/v2\/types\/page"}],"author":[{"embeddable":true,"href":"https:\/\/fortuneslots.org\/pt\/wp-json\/wp\/v2\/users\/1"}],"replies":[{"embeddable":true,"href":"https:\/\/fortuneslots.org\/pt\/wp-json\/wp\/v2\/comments?post=17"}],"version-history":[{"count":22,"href":"https:\/\/fortuneslots.org\/pt\/wp-json\/wp\/v2\/pages\/17\/revisions"}],"predecessor-version":[{"id":156,"href":"https:\/\/fortuneslots.org\/pt\/wp-json\/wp\/v2\/pages\/17\/revisions\/156"}],"wp:attachment":[{"href":"https:\/\/fortuneslots.org\/pt\/wp-json\/wp\/v2\/media?parent=17"}],"curies":[{"name":"wp","href":"https:\/\/api.w.org\/{rel}","templated":true}]}}