{"id":13,"date":"2023-12-02T22:09:08","date_gmt":"2023-12-02T22:09:08","guid":{"rendered":"https:\/\/fortuneslots.org\/?page_id=13"},"modified":"2024-06-21T12:59:17","modified_gmt":"2024-06-21T12:59:17","slug":"download-fortune-slot","status":"publish","type":"page","link":"https:\/\/fortuneslots.org\/ro\/download-fortune-slot\/","title":{"rendered":"Desc\u0103rcarea jocului \u00abFortune\u00bb: Ghidul dumneavoastr\u0103 pentru platforme"},"content":{"rendered":"<h2><strong>Desc\u0103rca\u021bi pe Android<\/strong><\/h2>\n<p>Transforma\u021bi dispozitivul dvs. mobil \u00een poarta c\u0103tre lumea palpitant\u0103 a &#8222;Fortune&#8221;! Pentru a \u00eencepe s\u0103 juca\u021bi pe Android, urma\u021bi ace\u0219ti pa\u0219i simpli:<\/p>\n<ol>\n<li>Deschide\u021bi Google Play: Accesa\u021bi Google Play Store pe dispozitivul dvs.<\/li>\n<li>C\u0103uta\u021bi &#8222;Fortune&#8221;: Introduce\u021bi &#8222;Fortune&#8221; \u00een bara de c\u0103utare \u0219i selecta\u021bi aplica\u021bia oficial\u0103.<\/li>\n<li>Instala\u021bi aplica\u021bia: Atinge\u021bi butonul &#8222;Instaleaz\u0103&#8221;, iar procesul de desc\u0103rcare va \u00eencepe automat.<\/li>\n<li>Lansa\u021bi &#8222;Fortune&#8221;: Dup\u0103 ce instalarea este complet\u0103, lansa\u021bi aplica\u021bia \u0219i crea\u021bi un cont pentru a v\u0103 aventura \u00een lumea captivant\u0103 a jocurilor de noroc.<\/li>\n<\/ol>\n<p>Acum ave\u021bi &#8222;Fortune&#8221; chiar pe dispozitivul dvs. Android, gata pentru aventuri \u0219i c\u00e2\u0219tiguri mari!<\/p>\n<h2><strong>Desc\u0103rca\u021bi pe iPhone<\/strong><\/h2>\n<p>Proprietarii de iPhone se pot bucura \u0219i ei de toate beneficiile &#8222;Fortune&#8221; direct pe dispozitivele lor. Iat\u0103 cum s\u0103 proceda\u021bi:<\/p>\n<ol>\n<li>Deschide\u021bi App Store: Accesa\u021bi App Store pe iPhone-ul dvs.<\/li>\n<li>C\u0103uta\u021bi &#8222;Fortune&#8221;: Introduce\u021bi &#8222;Fortune&#8221; \u00een bara de c\u0103utare \u0219i selecta\u021bi aplica\u021bia oficial\u0103.<\/li>\n<li>Instala\u021bi aplica\u021bia: Atinge\u021bi butonul &#8222;Instaleaz\u0103&#8221;, iar aplica\u021bia va \u00eencepe s\u0103 se descarce pe iPhone-ul dvs.<\/li>\n<li>Lansa\u021bi &#8222;Fortune&#8221;: Dup\u0103 ce instalarea este complet\u0103, deschide\u021bi aplica\u021bia, crea\u021bi un cont \u0219i \u00eencepe\u021bi c\u0103l\u0103toria c\u0103tre succes.<\/li>\n<\/ol>\n<p>Acum &#8222;Fortune&#8221; este mereu cu dvs., oriunde v-a\u021bi afla, gata s\u0103 v\u0103 ofere momente palpitante de excitare.<\/p>\n<h2><strong>Desc\u0103rca\u021bi pe Calculator<\/strong><\/h2>\n<p>Dac\u0103 prefera\u021bi s\u0103 juca\u021bi pe ecranul mare al calculatorului dvs., &#8222;Fortune&#8221; este disponibil pentru desc\u0103rcare pe PC-ul dvs. Iat\u0103 cum s\u0103 proceda\u021bi:<\/p>\n<ol>\n<li>Vizita\u021bi site-ul oficial: Accesa\u021bi site-ul oficial &#8222;Fortune&#8221; folosind browserul dvs. web.<\/li>\n<li>Selecta\u021bi sec\u021biunea de desc\u0103rcare: \u00cen sec\u021biunea de desc\u0103rcare, g\u0103si\u021bi versiunea corespunz\u0103toare pentru calculatorul dvs. (Windows sau Mac).<\/li>\n<li>Desc\u0103rca\u021bi aplica\u021bia: Face\u021bi clic pe butonul &#8222;Desc\u0103rca\u021bi&#8221; pentru a \u00eencepe desc\u0103rcarea aplica\u021biei pe calculatorul dvs.<\/li>\n<li>Instala\u021bi &#8222;Fortune&#8221;: Dup\u0103 ce desc\u0103rcarea este complet\u0103, rula\u021bi fi\u0219ierul de instalare \u0219i urma\u021bi instruc\u021biunile de pe ecran.<\/li>\n<li>Lansa\u021bi aplica\u021bia: Dup\u0103 instalare, deschide\u021bi &#8222;Fortune&#8221; pe calculatorul dvs., conecta\u021bi-v\u0103 la contul dvs. \u0219i bucura\u021bi-v\u0103 de joc.<\/li>\n<\/ol>\n<p>Acum ave\u021bi acces complet la &#8222;Fortune&#8221; pe calculatorul dvs., unde pute\u021bi s\u0103 v\u0103 bucura\u021bi de joc \u00eentr-un mediu convenabil.<\/p>\n<p>Fie c\u0103 este vorba de Android, iPhone sau calculator, &#8222;Fortune&#8221; este gata s\u0103 v\u0103 ofere pl\u0103cerea aventurilor de jocuri de noroc oric\u00e2nd, oriunde! Desc\u0103rca\u021bi aplica\u021bia acum \u0219i cufunda\u021bi-v\u0103 \u00een lumea palpitant\u0103 a jocurilor de noroc.<\/p>\n","protected":false},"excerpt":{"rendered":"<p>Desc\u0103rca\u021bi pe Android Transforma\u021bi dispozitivul dvs. mobil \u00een poarta c\u0103tre lumea palpitant\u0103 a &#8222;Fortune&#8221;! Pentru a \u00eencepe s\u0103 juca\u021bi pe Android, urma\u021bi ace\u0219ti pa\u0219i simpli: Deschide\u021bi Google Play: Accesa\u021bi Google Play Store&#8230;<\/p>\n","protected":false},"author":1,"featured_media":0,"parent":0,"menu_order":0,"comment_status":"closed","ping_status":"closed","template":"","meta":{"footnotes":""},"class_list":["post-13","page","type-page","status-publish","hentry"],"yoast_head":"<!-- This site is optimized with the Yoast SEO plugin v27.2 - https:\/\/yoast.com\/product\/yoast-seo-wordpress\/ -->\n<title>T\u00e9l\u00e9chargez Fortune : Votre chemin vers une exp\u00e9rience de jeu excitante<\/title>\n<meta name=\"description\" content=\"Instala\u021bi Fortune pe Android, iPhone sau computer. Bucura\u021bi-v\u0103 de slotul palpitant, bonusuri \u0219i c\u00e2\u0219tiguri mari. Disponibil pe toate platformele!\" \/>\n<meta name=\"robots\" content=\"index, follow, max-snippet:-1, max-image-preview:large, max-video-preview:-1\" \/>\n<link rel=\"canonical\" href=\"https:\/\/fortuneslots.org\/ro\/download-fortune-slot\/\" \/>\n<meta property=\"og:locale\" content=\"ro_RO\" \/>\n<meta property=\"og:locale:alternate\" content=\"ru_RU\" \/>\n<meta property=\"og:locale:alternate\" content=\"en_US\" \/>\n<meta property=\"og:locale:alternate\" content=\"pt_PT\" \/>\n<meta property=\"og:locale:alternate\" content=\"es_ES\" \/>\n<meta property=\"og:locale:alternate\" content=\"fr_FR\" \/>\n<meta property=\"og:locale:alternate\" content=\"de_DE\" \/>\n<meta property=\"og:locale:alternate\" content=\"sr_RS\" \/>\n<meta property=\"og:locale:alternate\" content=\"bg_BG\" \/>\n<meta property=\"og:locale:alternate\" content=\"pl_PL\" \/>\n<meta property=\"og:locale:alternate\" content=\"it_IT\" \/>\n<meta property=\"og:type\" content=\"article\" \/>\n<meta property=\"og:title\" content=\"T\u00e9l\u00e9chargez Fortune : Votre chemin vers une exp\u00e9rience de jeu excitante\" \/>\n<meta property=\"og:description\" content=\"Installez Fortune sur Android, iPhone ou ordinateur. Profitez de la machine \u00e0 sous passionnante, des bonus et des gros gains. Disponible sur toutes les plateformes !\" \/>\n<meta property=\"og:url\" content=\"https:\/\/fortuneslots.org\/ro\/download-fortune-slot\/\" \/>\n<meta property=\"og:site_name\" content=\"Fortune Slots\" \/>\n<meta property=\"article:modified_time\" content=\"2024-06-21T12:59:17+00:00\" \/>\n<meta name=\"twitter:card\" content=\"summary_large_image\" \/>\n<meta name=\"twitter:label1\" content=\"Timp estimat pentru citire\" \/>\n\t<meta name=\"twitter:data1\" content=\"16 minute\" \/>\n<script type=\"application\/ld+json\" class=\"yoast-schema-graph\">{\"@context\":\"https:\/\/schema.org\",\"@graph\":[{\"@type\":\"WebPage\",\"@id\":\"https:\/\/fortuneslots.org\/fr\/download-fortune-slot\/\",\"url\":\"https:\/\/fortuneslots.org\/fr\/download-fortune-slot\/\",\"name\":\"T\u00e9l\u00e9chargez Fortune : Votre chemin vers une exp\u00e9rience de jeu excitante\",\"isPartOf\":{\"@id\":\"https:\/\/fortuneslots.org\/#website\"},\"datePublished\":\"2023-12-02T22:09:08+00:00\",\"dateModified\":\"2024-06-21T12:59:17+00:00\",\"description\":\"Installez Fortune sur Android, iPhone ou ordinateur. Profitez de la machine \u00e0 sous passionnante, des bonus et des gros gains. Disponible sur toutes les plateformes !\",\"breadcrumb\":{\"@id\":\"https:\/\/fortuneslots.org\/fr\/download-fortune-slot\/#breadcrumb\"},\"inLanguage\":\"ro-RO\",\"potentialAction\":[{\"@type\":\"ReadAction\",\"target\":[\"https:\/\/fortuneslots.org\/fr\/download-fortune-slot\/\"]}]},{\"@type\":\"BreadcrumbList\",\"@id\":\"https:\/\/fortuneslots.org\/fr\/download-fortune-slot\/#breadcrumb\",\"itemListElement\":[{\"@type\":\"ListItem\",\"position\":1,\"name\":\"Home\",\"item\":\"https:\/\/fortuneslots.org\/\"},{\"@type\":\"ListItem\",\"position\":2,\"name\":\"T\u00e9l\u00e9chargement du jeu \u00abFortune\u00bb : Votre guide des plateformes\"}]},{\"@type\":\"WebSite\",\"@id\":\"https:\/\/fortuneslots.org\/#website\",\"url\":\"https:\/\/fortuneslots.org\/\",\"name\":\"Fortune Slots\",\"description\":\"\",\"potentialAction\":[{\"@type\":\"SearchAction\",\"target\":{\"@type\":\"EntryPoint\",\"urlTemplate\":\"https:\/\/fortuneslots.org\/?s={search_term_string}\"},\"query-input\":{\"@type\":\"PropertyValueSpecification\",\"valueRequired\":true,\"valueName\":\"search_term_string\"}}],\"inLanguage\":\"ro-RO\"}]}<\/script>\n<!-- \/ Yoast SEO plugin. -->","yoast_head_json":{"title":"T\u00e9l\u00e9chargez Fortune : Votre chemin vers une exp\u00e9rience de jeu excitante","description":"Instala\u021bi Fortune pe Android, iPhone sau computer. Bucura\u021bi-v\u0103 de slotul palpitant, bonusuri \u0219i c\u00e2\u0219tiguri mari. Disponibil pe toate platformele!","robots":{"index":"index","follow":"follow","max-snippet":"max-snippet:-1","max-image-preview":"max-image-preview:large","max-video-preview":"max-video-preview:-1"},"canonical":"https:\/\/fortuneslots.org\/ro\/download-fortune-slot\/","og_locale":"ro_RO","og_type":"article","og_title":"T\u00e9l\u00e9chargez Fortune : Votre chemin vers une exp\u00e9rience de jeu excitante","og_description":"Installez Fortune sur Android, iPhone ou ordinateur. Profitez de la machine \u00e0 sous passionnante, des bonus et des gros gains. Disponible sur toutes les plateformes !","og_url":"https:\/\/fortuneslots.org\/ro\/download-fortune-slot\/","og_site_name":"Fortune Slots","article_modified_time":"2024-06-21T12:59:17+00:00","twitter_card":"summary_large_image","twitter_misc":{"Timp estimat pentru citire":"16 minute"},"schema":{"@context":"https:\/\/schema.org","@graph":[{"@type":"WebPage","@id":"https:\/\/fortuneslots.org\/fr\/download-fortune-slot\/","url":"https:\/\/fortuneslots.org\/fr\/download-fortune-slot\/","name":"T\u00e9l\u00e9chargez Fortune : Votre chemin vers une exp\u00e9rience de jeu excitante","isPartOf":{"@id":"https:\/\/fortuneslots.org\/#website"},"datePublished":"2023-12-02T22:09:08+00:00","dateModified":"2024-06-21T12:59:17+00:00","description":"Installez Fortune sur Android, iPhone ou ordinateur. Profitez de la machine \u00e0 sous passionnante, des bonus et des gros gains. Disponible sur toutes les plateformes !","breadcrumb":{"@id":"https:\/\/fortuneslots.org\/fr\/download-fortune-slot\/#breadcrumb"},"inLanguage":"ro-RO","potentialAction":[{"@type":"ReadAction","target":["https:\/\/fortuneslots.org\/fr\/download-fortune-slot\/"]}]},{"@type":"BreadcrumbList","@id":"https:\/\/fortuneslots.org\/fr\/download-fortune-slot\/#breadcrumb","itemListElement":[{"@type":"ListItem","position":1,"name":"Home","item":"https:\/\/fortuneslots.org\/"},{"@type":"ListItem","position":2,"name":"T\u00e9l\u00e9chargement du jeu \u00abFortune\u00bb : Votre guide des plateformes"}]},{"@type":"WebSite","@id":"https:\/\/fortuneslots.org\/#website","url":"https:\/\/fortuneslots.org\/","name":"Fortune Slots","description":"","potentialAction":[{"@type":"SearchAction","target":{"@type":"EntryPoint","urlTemplate":"https:\/\/fortuneslots.org\/?s={search_term_string}"},"query-input":{"@type":"PropertyValueSpecification","valueRequired":true,"valueName":"search_term_string"}}],"inLanguage":"ro-RO"}]}},"_links":{"self":[{"href":"https:\/\/fortuneslots.org\/ro\/wp-json\/wp\/v2\/pages\/13","targetHints":{"allow":["GET"]}}],"collection":[{"href":"https:\/\/fortuneslots.org\/ro\/wp-json\/wp\/v2\/pages"}],"about":[{"href":"https:\/\/fortuneslots.org\/ro\/wp-json\/wp\/v2\/types\/page"}],"author":[{"embeddable":true,"href":"https:\/\/fortuneslots.org\/ro\/wp-json\/wp\/v2\/users\/1"}],"replies":[{"embeddable":true,"href":"https:\/\/fortuneslots.org\/ro\/wp-json\/wp\/v2\/comments?post=13"}],"version-history":[{"count":22,"href":"https:\/\/fortuneslots.org\/ro\/wp-json\/wp\/v2\/pages\/13\/revisions"}],"predecessor-version":[{"id":154,"href":"https:\/\/fortuneslots.org\/ro\/wp-json\/wp\/v2\/pages\/13\/revisions\/154"}],"wp:attachment":[{"href":"https:\/\/fortuneslots.org\/ro\/wp-json\/wp\/v2\/media?parent=13"}],"curies":[{"name":"wp","href":"https:\/\/api.w.org\/{rel}","templated":true}]}}