{"id":17,"date":"2023-12-02T22:10:24","date_gmt":"2023-12-02T22:10:24","guid":{"rendered":"https:\/\/fortuneslots.org\/?page_id=17"},"modified":"2024-06-22T19:41:29","modified_gmt":"2024-06-22T19:41:29","slug":"about-us","status":"publish","type":"page","link":"https:\/\/fortuneslots.org\/ro\/about-us\/","title":{"rendered":"Despre noi"},"content":{"rendered":"<p>Bine a\u021bi venit la pagina \u201eDespre noi\u201d \u2013 locul unde ve\u021bi afla mai multe despre pasiunea noastr\u0103 pentru divertismentul de jocuri de noroc \u0219i cum facem ca experien\u021ba dvs. de joc \u00een \u201eFortune\u201d s\u0103 fie de neuitat.<\/p>\n<p><strong>Misiunea noastr\u0103:<\/strong> Am creat aceast\u0103 resurs\u0103 pentru a \u00eemp\u0103rt\u0103\u0219i entuziasmul nostru de a juca \u201eFortune\u201d cu dvs. Scopul nostru este s\u0103 v\u0103 oferim informa\u021bii utile, s\u0103 v\u0103 imersa\u021bi \u00een lumea captivant\u0103 a acestui slot \u0219i s\u0103 facem ca experien\u021ba dvs. de joc s\u0103 fie mai satisf\u0103c\u0103toare.<\/p>\n<p><strong>Ceea ce facem:<\/strong> Ne propunem s\u0103 fim ghidul dvs. de \u00eencredere \u00een lumea \u201eFortune\u201d. Oferim recenzii, strategii, sfaturi de joc \u0219i ultimele nout\u0103\u021bi despre acest slot palpitant. Articolele noastre sunt concepute pentru a face introducerea dvs. \u00een \u201eFortune\u201d nu doar captivant\u0103, ci \u0219i de succes.<\/p>\n<p><strong>De ce \u201eFortune\u201d?<\/strong> \u201eFortune\u201d nu este doar un slot; este o lume \u00eentreag\u0103 de posibilit\u0103\u021bi \u0219i momente palpitante. Credem c\u0103 fiecare juc\u0103tor merit\u0103 informa\u021bii de calitate despre jocul s\u0103u preferat, motiv pentru care acord\u0103m o aten\u021bie special\u0103 jocului \u201eFortune\u201d.<\/p>\n<p><strong>Abordarea noastr\u0103:<\/strong> Credem c\u0103 dou\u0103 aspecte sunt importante \u00een divertismentul de jocuri de noroc: pl\u0103cerea \u0219i responsabilitatea. Prin urmare, abordarea noastr\u0103 de a furniza informa\u021bii include sus\u021binerea unui mediu de joc sigur \u0219i pl\u0103cut. \u00cencuraj\u0103m comportamentul responsabil de joc \u0219i oferim resurse pentru juc\u0103torii care se confrunt\u0103 cu probleme de dependen\u021b\u0103 de jocuri de noroc.<\/p>\n<p><strong>Cine suntem:<\/strong> Suntem o echip\u0103 de entuzia\u0219ti ai jocurilor de noroc care \u00eemp\u0103rt\u0103\u0219esc dragostea pentru \u201eFortune\u201d. Experien\u021ba \u0219i pasiunea noastr\u0103 pentru acest joc ne permit s\u0103 v\u0103 oferim cele mai relevante \u0219i interesante informa\u021bii.<\/p>\n<p><strong>Contacta\u021bi-ne:<\/strong> Dac\u0103 ave\u021bi \u00eentreb\u0103ri, sugestii sau dori\u021bi s\u0103 \u00eemp\u0103rt\u0103\u0219i\u021bi experien\u021ba dvs. cu \u201eFortune\u201d, nu ezita\u021bi s\u0103 ne contacta\u021bi. Suntem preg\u0103ti\u021bi s\u0103 comunic\u0103m \u0219i s\u0103 \u00eemp\u0103rt\u0103\u0219im entuziasmul cu dvs.<\/p>\n<p>V\u0103 mul\u021bumim c\u0103 ne-a\u021bi ales ca partener \u00een lumea \u201eFortune\u201d. Juca\u021bi cu pl\u0103cere \u0219i s\u0103 ave\u021bi mereu noroc!<\/p>\n","protected":false},"excerpt":{"rendered":"<p>Bine a\u021bi venit la pagina \u201eDespre noi\u201d \u2013 locul unde ve\u021bi afla mai multe despre pasiunea noastr\u0103 pentru divertismentul de jocuri de noroc \u0219i cum facem ca experien\u021ba dvs. de joc \u00een&#8230;<\/p>\n","protected":false},"author":1,"featured_media":0,"parent":0,"menu_order":0,"comment_status":"closed","ping_status":"closed","template":"","meta":{"footnotes":""},"class_list":["post-17","page","type-page","status-publish","hentry"],"yoast_head":"<!-- This site is optimized with the Yoast SEO plugin v27.2 - https:\/\/yoast.com\/product\/yoast-seo-wordpress\/ -->\n<title>\u041e \u043d\u0430\u0441: \u043f\u0443\u0442\u0435\u0432\u043e\u0434\u0438\u0442\u0435\u043b\u044c \u0432 \u043c\u0438\u0440\u0435 \u0430\u0437\u0430\u0440\u0442\u043d\u044b\u0445 \u0440\u0430\u0437\u0432\u043b\u0435\u0447\u0435\u043d\u0438\u0439 \u0438 \u0438\u0433\u0440\u044b Fortune<\/title>\n<meta name=\"description\" content=\"Afla\u021bi despre pasiunea noastr\u0103 pentru divertismentul de jocuri de noroc, sus\u021bine\u021bi jocul Fortune. R\u0103m\u00e2ne\u021bi la curent cu cele mai recente \u0219tiri \u0219i strategii. Distra\u021bi-v\u0103 \u0219i juca\u021bi responsabil!\" \/>\n<meta name=\"robots\" content=\"index, follow, max-snippet:-1, max-image-preview:large, max-video-preview:-1\" \/>\n<link rel=\"canonical\" href=\"https:\/\/fortuneslots.org\/ro\/about-us\/\" \/>\n<meta property=\"og:locale\" content=\"ro_RO\" \/>\n<meta property=\"og:locale:alternate\" content=\"ru_RU\" \/>\n<meta property=\"og:locale:alternate\" content=\"en_US\" \/>\n<meta property=\"og:locale:alternate\" content=\"pt_PT\" \/>\n<meta property=\"og:locale:alternate\" content=\"es_ES\" \/>\n<meta property=\"og:locale:alternate\" content=\"fr_FR\" \/>\n<meta property=\"og:locale:alternate\" content=\"de_DE\" \/>\n<meta property=\"og:locale:alternate\" content=\"sr_RS\" \/>\n<meta property=\"og:locale:alternate\" content=\"bg_BG\" \/>\n<meta property=\"og:locale:alternate\" content=\"pl_PL\" \/>\n<meta property=\"og:locale:alternate\" content=\"it_IT\" \/>\n<meta property=\"og:type\" content=\"article\" \/>\n<meta property=\"og:title\" content=\"\u041e \u043d\u0430\u0441: \u043f\u0443\u0442\u0435\u0432\u043e\u0434\u0438\u0442\u0435\u043b\u044c \u0432 \u043c\u0438\u0440\u0435 \u0430\u0437\u0430\u0440\u0442\u043d\u044b\u0445 \u0440\u0430\u0437\u0432\u043b\u0435\u0447\u0435\u043d\u0438\u0439 \u0438 \u0438\u0433\u0440\u044b Fortune\" \/>\n<meta property=\"og:description\" content=\"\u0423\u0437\u043d\u0430\u0439\u0442\u0435 \u043e \u043d\u0430\u0448\u0435\u0439 \u0441\u0442\u0440\u0430\u0441\u0442\u0438 \u043a \u0430\u0437\u0430\u0440\u0442\u043d\u044b\u043c \u0440\u0430\u0437\u0432\u043b\u0435\u0447\u0435\u043d\u0438\u044f\u043c, \u043e\u043a\u0430\u0437\u044b\u0432\u0430\u0439\u0442\u0435 \u043f\u043e\u0434\u0434\u0435\u0440\u0436\u043a\u0443 \u0432 \u0438\u0433\u0440\u0435 \u0432 Fortune. \u0411\u0443\u0434\u044c\u0442\u0435 \u0432 \u043a\u0443\u0440\u0441\u0435 \u043f\u043e\u0441\u043b\u0435\u0434\u043d\u0438\u0445 \u043d\u043e\u0432\u043e\u0441\u0442\u0435\u0439 \u0438 \u0441\u0442\u0440\u0430\u0442\u0435\u0433\u0438\u0439. \u0412\u0435\u0441\u0435\u043b\u043e \u0438 \u043e\u0442\u0432\u0435\u0442\u0441\u0442\u0432\u0435\u043d\u043d\u043e!\" \/>\n<meta property=\"og:url\" content=\"https:\/\/fortuneslots.org\/ro\/about-us\/\" \/>\n<meta property=\"og:site_name\" content=\"Fortune Slots\" \/>\n<meta property=\"article:modified_time\" content=\"2024-06-22T19:41:29+00:00\" \/>\n<meta name=\"twitter:card\" content=\"summary_large_image\" \/>\n<meta name=\"twitter:label1\" content=\"Timp estimat pentru citire\" \/>\n\t<meta name=\"twitter:data1\" content=\"13 minute\" \/>\n<script type=\"application\/ld+json\" class=\"yoast-schema-graph\">{\"@context\":\"https:\/\/schema.org\",\"@graph\":[{\"@type\":\"WebPage\",\"@id\":\"https:\/\/fortuneslots.org\/about-us\/\",\"url\":\"https:\/\/fortuneslots.org\/about-us\/\",\"name\":\"\u041e \u043d\u0430\u0441: \u043f\u0443\u0442\u0435\u0432\u043e\u0434\u0438\u0442\u0435\u043b\u044c \u0432 \u043c\u0438\u0440\u0435 \u0430\u0437\u0430\u0440\u0442\u043d\u044b\u0445 \u0440\u0430\u0437\u0432\u043b\u0435\u0447\u0435\u043d\u0438\u0439 \u0438 \u0438\u0433\u0440\u044b Fortune\",\"isPartOf\":{\"@id\":\"https:\/\/fortuneslots.org\/#website\"},\"datePublished\":\"2023-12-02T22:10:24+00:00\",\"dateModified\":\"2024-06-22T19:41:29+00:00\",\"description\":\"\u0423\u0437\u043d\u0430\u0439\u0442\u0435 \u043e \u043d\u0430\u0448\u0435\u0439 \u0441\u0442\u0440\u0430\u0441\u0442\u0438 \u043a \u0430\u0437\u0430\u0440\u0442\u043d\u044b\u043c \u0440\u0430\u0437\u0432\u043b\u0435\u0447\u0435\u043d\u0438\u044f\u043c, \u043e\u043a\u0430\u0437\u044b\u0432\u0430\u0439\u0442\u0435 \u043f\u043e\u0434\u0434\u0435\u0440\u0436\u043a\u0443 \u0432 \u0438\u0433\u0440\u0435 \u0432 Fortune. \u0411\u0443\u0434\u044c\u0442\u0435 \u0432 \u043a\u0443\u0440\u0441\u0435 \u043f\u043e\u0441\u043b\u0435\u0434\u043d\u0438\u0445 \u043d\u043e\u0432\u043e\u0441\u0442\u0435\u0439 \u0438 \u0441\u0442\u0440\u0430\u0442\u0435\u0433\u0438\u0439. \u0412\u0435\u0441\u0435\u043b\u043e \u0438 \u043e\u0442\u0432\u0435\u0442\u0441\u0442\u0432\u0435\u043d\u043d\u043e!\",\"breadcrumb\":{\"@id\":\"https:\/\/fortuneslots.org\/about-us\/#breadcrumb\"},\"inLanguage\":\"ro-RO\",\"potentialAction\":[{\"@type\":\"ReadAction\",\"target\":[\"https:\/\/fortuneslots.org\/about-us\/\"]}]},{\"@type\":\"BreadcrumbList\",\"@id\":\"https:\/\/fortuneslots.org\/about-us\/#breadcrumb\",\"itemListElement\":[{\"@type\":\"ListItem\",\"position\":1,\"name\":\"Home\",\"item\":\"https:\/\/fortuneslots.org\/\"},{\"@type\":\"ListItem\",\"position\":2,\"name\":\"\u041e \u043d\u0430\u0441\"}]},{\"@type\":\"WebSite\",\"@id\":\"https:\/\/fortuneslots.org\/#website\",\"url\":\"https:\/\/fortuneslots.org\/\",\"name\":\"Fortune Slots\",\"description\":\"\",\"potentialAction\":[{\"@type\":\"SearchAction\",\"target\":{\"@type\":\"EntryPoint\",\"urlTemplate\":\"https:\/\/fortuneslots.org\/?s={search_term_string}\"},\"query-input\":{\"@type\":\"PropertyValueSpecification\",\"valueRequired\":true,\"valueName\":\"search_term_string\"}}],\"inLanguage\":\"ro-RO\"}]}<\/script>\n<!-- \/ Yoast SEO plugin. -->","yoast_head_json":{"title":"\u041e \u043d\u0430\u0441: \u043f\u0443\u0442\u0435\u0432\u043e\u0434\u0438\u0442\u0435\u043b\u044c \u0432 \u043c\u0438\u0440\u0435 \u0430\u0437\u0430\u0440\u0442\u043d\u044b\u0445 \u0440\u0430\u0437\u0432\u043b\u0435\u0447\u0435\u043d\u0438\u0439 \u0438 \u0438\u0433\u0440\u044b Fortune","description":"Afla\u021bi despre pasiunea noastr\u0103 pentru divertismentul de jocuri de noroc, sus\u021bine\u021bi jocul Fortune. R\u0103m\u00e2ne\u021bi la curent cu cele mai recente \u0219tiri \u0219i strategii. Distra\u021bi-v\u0103 \u0219i juca\u021bi responsabil!","robots":{"index":"index","follow":"follow","max-snippet":"max-snippet:-1","max-image-preview":"max-image-preview:large","max-video-preview":"max-video-preview:-1"},"canonical":"https:\/\/fortuneslots.org\/ro\/about-us\/","og_locale":"ro_RO","og_type":"article","og_title":"\u041e \u043d\u0430\u0441: \u043f\u0443\u0442\u0435\u0432\u043e\u0434\u0438\u0442\u0435\u043b\u044c \u0432 \u043c\u0438\u0440\u0435 \u0430\u0437\u0430\u0440\u0442\u043d\u044b\u0445 \u0440\u0430\u0437\u0432\u043b\u0435\u0447\u0435\u043d\u0438\u0439 \u0438 \u0438\u0433\u0440\u044b Fortune","og_description":"\u0423\u0437\u043d\u0430\u0439\u0442\u0435 \u043e \u043d\u0430\u0448\u0435\u0439 \u0441\u0442\u0440\u0430\u0441\u0442\u0438 \u043a \u0430\u0437\u0430\u0440\u0442\u043d\u044b\u043c \u0440\u0430\u0437\u0432\u043b\u0435\u0447\u0435\u043d\u0438\u044f\u043c, \u043e\u043a\u0430\u0437\u044b\u0432\u0430\u0439\u0442\u0435 \u043f\u043e\u0434\u0434\u0435\u0440\u0436\u043a\u0443 \u0432 \u0438\u0433\u0440\u0435 \u0432 Fortune. \u0411\u0443\u0434\u044c\u0442\u0435 \u0432 \u043a\u0443\u0440\u0441\u0435 \u043f\u043e\u0441\u043b\u0435\u0434\u043d\u0438\u0445 \u043d\u043e\u0432\u043e\u0441\u0442\u0435\u0439 \u0438 \u0441\u0442\u0440\u0430\u0442\u0435\u0433\u0438\u0439. \u0412\u0435\u0441\u0435\u043b\u043e \u0438 \u043e\u0442\u0432\u0435\u0442\u0441\u0442\u0432\u0435\u043d\u043d\u043e!","og_url":"https:\/\/fortuneslots.org\/ro\/about-us\/","og_site_name":"Fortune Slots","article_modified_time":"2024-06-22T19:41:29+00:00","twitter_card":"summary_large_image","twitter_misc":{"Timp estimat pentru citire":"13 minute"},"schema":{"@context":"https:\/\/schema.org","@graph":[{"@type":"WebPage","@id":"https:\/\/fortuneslots.org\/about-us\/","url":"https:\/\/fortuneslots.org\/about-us\/","name":"\u041e \u043d\u0430\u0441: \u043f\u0443\u0442\u0435\u0432\u043e\u0434\u0438\u0442\u0435\u043b\u044c \u0432 \u043c\u0438\u0440\u0435 \u0430\u0437\u0430\u0440\u0442\u043d\u044b\u0445 \u0440\u0430\u0437\u0432\u043b\u0435\u0447\u0435\u043d\u0438\u0439 \u0438 \u0438\u0433\u0440\u044b Fortune","isPartOf":{"@id":"https:\/\/fortuneslots.org\/#website"},"datePublished":"2023-12-02T22:10:24+00:00","dateModified":"2024-06-22T19:41:29+00:00","description":"\u0423\u0437\u043d\u0430\u0439\u0442\u0435 \u043e \u043d\u0430\u0448\u0435\u0439 \u0441\u0442\u0440\u0430\u0441\u0442\u0438 \u043a \u0430\u0437\u0430\u0440\u0442\u043d\u044b\u043c \u0440\u0430\u0437\u0432\u043b\u0435\u0447\u0435\u043d\u0438\u044f\u043c, \u043e\u043a\u0430\u0437\u044b\u0432\u0430\u0439\u0442\u0435 \u043f\u043e\u0434\u0434\u0435\u0440\u0436\u043a\u0443 \u0432 \u0438\u0433\u0440\u0435 \u0432 Fortune. \u0411\u0443\u0434\u044c\u0442\u0435 \u0432 \u043a\u0443\u0440\u0441\u0435 \u043f\u043e\u0441\u043b\u0435\u0434\u043d\u0438\u0445 \u043d\u043e\u0432\u043e\u0441\u0442\u0435\u0439 \u0438 \u0441\u0442\u0440\u0430\u0442\u0435\u0433\u0438\u0439. \u0412\u0435\u0441\u0435\u043b\u043e \u0438 \u043e\u0442\u0432\u0435\u0442\u0441\u0442\u0432\u0435\u043d\u043d\u043e!","breadcrumb":{"@id":"https:\/\/fortuneslots.org\/about-us\/#breadcrumb"},"inLanguage":"ro-RO","potentialAction":[{"@type":"ReadAction","target":["https:\/\/fortuneslots.org\/about-us\/"]}]},{"@type":"BreadcrumbList","@id":"https:\/\/fortuneslots.org\/about-us\/#breadcrumb","itemListElement":[{"@type":"ListItem","position":1,"name":"Home","item":"https:\/\/fortuneslots.org\/"},{"@type":"ListItem","position":2,"name":"\u041e \u043d\u0430\u0441"}]},{"@type":"WebSite","@id":"https:\/\/fortuneslots.org\/#website","url":"https:\/\/fortuneslots.org\/","name":"Fortune Slots","description":"","potentialAction":[{"@type":"SearchAction","target":{"@type":"EntryPoint","urlTemplate":"https:\/\/fortuneslots.org\/?s={search_term_string}"},"query-input":{"@type":"PropertyValueSpecification","valueRequired":true,"valueName":"search_term_string"}}],"inLanguage":"ro-RO"}]}},"_links":{"self":[{"href":"https:\/\/fortuneslots.org\/ro\/wp-json\/wp\/v2\/pages\/17","targetHints":{"allow":["GET"]}}],"collection":[{"href":"https:\/\/fortuneslots.org\/ro\/wp-json\/wp\/v2\/pages"}],"about":[{"href":"https:\/\/fortuneslots.org\/ro\/wp-json\/wp\/v2\/types\/page"}],"author":[{"embeddable":true,"href":"https:\/\/fortuneslots.org\/ro\/wp-json\/wp\/v2\/users\/1"}],"replies":[{"embeddable":true,"href":"https:\/\/fortuneslots.org\/ro\/wp-json\/wp\/v2\/comments?post=17"}],"version-history":[{"count":22,"href":"https:\/\/fortuneslots.org\/ro\/wp-json\/wp\/v2\/pages\/17\/revisions"}],"predecessor-version":[{"id":156,"href":"https:\/\/fortuneslots.org\/ro\/wp-json\/wp\/v2\/pages\/17\/revisions\/156"}],"wp:attachment":[{"href":"https:\/\/fortuneslots.org\/ro\/wp-json\/wp\/v2\/media?parent=17"}],"curies":[{"name":"wp","href":"https:\/\/api.w.org\/{rel}","templated":true}]}}